{"id":4612,"date":"2014-05-17T19:36:52","date_gmt":"2014-05-17T17:36:52","guid":{"rendered":"http:\/\/www.locationencorse.eu\/blog\/?page_id=4612"},"modified":"2021-09-18T11:21:38","modified_gmt":"2021-09-18T09:21:38","slug":"randonnees-balades-corses","status":"publish","type":"page","link":"https:\/\/www.locationencorse.eu\/blog\/le-paradis-naturel-des-sportifs\/randonnees-balades-corses\/","title":{"rendered":"Randonn\u00e9es et balades corses"},"content":{"rendered":"<p><span style=\"color: #ff6600;\"><strong>Les randonn\u00e9es:<\/strong><\/span>&nbsp; A pied sans autre souci que celui d\u2019avancer et d\u2019admirer la beaut\u00e9 du paysage, le randonneur rentre en osmose avec la nature corse . La beaut\u00e9 de ces lieux laisse libre cours \u00e0 la r\u00eaverie et au plaisir pur. Vous d\u00e9sirez <a href=\"https:\/\/balagne-corsica.com\/a-voir-a-faire\/\">visiter les alentours de Calvi<\/a> en Balagne, n&rsquo;h\u00e9sitez pas consulter le site Balagne-Corsica, sur la r\u00e9gion qui va de Calvi \u00e0 l&rsquo;Ile rousse.<\/p>\n<p>Les barri\u00e8res: En travers du sentier elles ne signifient pas une interdiction de passer, mais elles emp\u00eachent la divagation du b\u00e9tail laiss\u00e9 en libert\u00e9. Il est donc imp\u00e9ratif de les refermer apr\u00e8s votre passage.<\/p>\n<ul>\n<li><a title=\"La randonn\u00e9e en corse\" href=\"http:\/\/www.locationencorse.eu\/blog\/la-randonnee-en-corse\/\">La randonn\u00e9e en corse<\/a><\/li>\n<li><a title=\"Le mythique GR20\" href=\"http:\/\/www.locationencorse.eu\/blog\/mythique-gr20\/\">Le mythique GR20<\/a><\/li>\n<li><a title=\"Les Lacs en Corse\" href=\"http:\/\/www.locationencorse.eu\/blog\/les-lacs-en-corse\/\">Les lacs en Corse<\/a><\/li>\n<\/ul>\n<p>Randonn\u00e9es et balades dans le Cap Corse<\/p>\n<ul>\n<li><a title=\"Le sentier des douaniers\" href=\"http:\/\/www.locationencorse.eu\/blog\/le-sentier-des-douaniers\/\"><span style=\"color: #009bc2;\">Le sentier des douaniers<\/span><\/a><\/li>\n<li><a title=\"La tour de S\u00e9n\u00e8que\" href=\"http:\/\/www.locationencorse.eu\/blog\/tour-seneque\/\"><span style=\"color: #009bc2;\">La randonn\u00e9e: &nbsp;la Tour de S\u00e9n\u00e8que<\/span><\/a><\/li>\n<\/ul>\n<p>Randonn\u00e9es et balades en Balagne<\/p>\n<ul>\n<li><a title=\"Notre Dame de la Serra\" href=\"http:\/\/www.locationencorse.eu\/blog\/notre-dame-serra\/\">Balade de Calvi \u00e0 ND de la Serra<\/a><\/li>\n<li><a title=\"Randonn\u00e9e p\u00e9destre : la Revellata\" href=\"http:\/\/www.locationencorse.eu\/blog\/randonnee-pedestre-revellata\/\">Randonn\u00e9e la Revellata<\/a><\/li>\n<li><a title=\"Randonn\u00e9e : Lumio \u00e0 Cat\u00e9ri\" href=\"http:\/\/www.locationencorse.eu\/blog\/randonnee-lumio-a-cateri\/\"><span style=\"color: #009bc2;\">Randonn\u00e9e : Lumio \u00e0 Cat\u00e9ri<\/span><\/a><\/li>\n<li><a title=\"Occi le village abandonn\u00e9\" href=\"http:\/\/www.locationencorse.eu\/blog\/occi-village-abandonne\/\">Occi village abandonn\u00e9e<\/a><\/li>\n<li><a title=\"For\u00eat de Bonifato\" href=\"http:\/\/www.locationencorse.eu\/blog\/foret-bonifato\/\"><span style=\"color: #009bc2;\">for\u00eat de Bonifato<\/span><\/a>&nbsp;et ses randonn\u00e9es<\/li>\n<li><a title=\"Olmi-Cappella et Mausol\u00e9o\" href=\"http:\/\/www.locationencorse.eu\/blog\/olmi-cappella-mausoleo\/\"><span style=\"color: #009bc2;\">Olmi-Cappella et Mausol\u00e9o <\/span><\/a>(Balagne)<\/li>\n<\/ul>\n<p>Randonn\u00e9es et balades r\u00e9gion Ouest Corse &#8211; Piana-Ajaccio- Porto<\/p>\n<ul>\n<li><a title=\"Les Roches Bleues des Calanche de Piana\" href=\"http:\/\/www.locationencorse.eu\/blog\/les-roches-bleues-calanche-piana\/\">Les Roches Bleues des Calanche de Piana<\/a><\/li>\n<li><a title=\"Le sentier des cr\u00eates\" href=\"http:\/\/www.locationencorse.eu\/blog\/le-sentier-des-cretes\/\"><span style=\"color: #009bc2;\">Le sentier des cr\u00eates <\/span><\/a>(Ajaccio)<\/li>\n<li><a title=\"Randonn\u00e9e les gorges de la Spelunca\" href=\"http:\/\/www.locationencorse.eu\/blog\/randonnee-les-gorges-spelunca\/\"><span style=\"color: #009bc2;\">Randonn\u00e9e les gorges de la Spelunca<\/span><\/a><\/li>\n<li><a title=\"Les bergeries de Radule\" href=\"http:\/\/www.locationencorse.eu\/blog\/les-bergeries-de-radule\/\"><span style=\"color: #009bc2;\">Les bergeries de radule<\/span><\/a>&nbsp;et la &nbsp;<a title=\"Cascade du Radule\" href=\"http:\/\/www.locationencorse.eu\/blog\/cascade-du-radule\/\"><span style=\"color: #009bc2;\">Cascade de Radule (col de Vergio)<\/span><\/a><\/li>\n<li><a title=\"La randonn\u00e9e de Capo Rosso\" href=\"http:\/\/www.locationencorse.eu\/blog\/la-randonnee-de-capo-rosso\/\"><span style=\"color: #009bc2;\">la randonn\u00e9e de Capo Rosso<\/span><\/a><\/li>\n<li><a title=\"La tour d\u2019Omigna\" href=\"http:\/\/www.locationencorse.eu\/blog\/tour-domigna\/\">La tour d&rsquo;Omigna<\/a>&nbsp;(proche de Carg\u00e8se)<\/li>\n<li><a title=\"La for\u00eat de Chiavari\" href=\"http:\/\/www.locationencorse.eu\/blog\/foret-chiavari\/\"><span style=\"color: #009bc2;\">La randonn\u00e9e de la for\u00eat de Chaviari<\/span><\/a><\/li>\n<li><a title=\"Les cascades de la for\u00eat d\u2019A\u00eftone\" href=\"http:\/\/www.locationencorse.eu\/blog\/les-cascades-foret-daitone\/\"><span style=\"color: #009bc2;\">Les cascades de la for\u00eat d\u2019A\u00eftone<\/span><\/a><\/li>\n<li><a href=\"https:\/\/www.jps-aventure.com\">Promenades en mer \u00e0 Ajaccio<\/a><\/li>\n<\/ul>\n<p>Randonn\u00e9es et balades r\u00e9gion Sud-Ouest Corse Propriano-Sart\u00e8ne..<\/p>\n<ul>\n<li><a title=\"Roccapina\" href=\"http:\/\/www.locationencorse.eu\/blog\/roccapina\/\">Roccapina La tour et le lion<\/a><\/li>\n<li><a title=\"Senetosa et son phare\" href=\"http:\/\/www.locationencorse.eu\/blog\/senetosa-phare\/\">Senetosa et son phare<\/a><\/li>\n<\/ul>\n<p>Randonn\u00e9es et balades dans le Centre Corse- Corte ..<\/p>\n<ul>\n<li><a title=\"Cascade \u00e0 Bocognano\" href=\"http:\/\/www.locationencorse.eu\/blog\/cascade-bocognano\/\"><span style=\"color: #009bc2;\">Cascade de Bocognano<\/span><\/a><\/li>\n<li><a title=\"La cascade des Anglais, col de Vizzavona\" href=\"http:\/\/www.locationencorse.eu\/blog\/cascade-anglais-col-vizzavona\/\"><span style=\"color: #009bc2;\">La cascade des Anglais, col de Vizzavona<\/span><\/a><\/li>\n<li><a title=\"Lac de Creno\" href=\"http:\/\/www.locationencorse.eu\/blog\/lac-creno\/\">lac Creno et sa chapelle<\/a><\/li>\n<\/ul>\n<p>Randonn\u00e9es et balades dans le Sud Corse<\/p>\n<ul>\n<li><a title=\"Cascade dans la for\u00eat de l\u2019Osp\u00e9dale\" href=\"http:\/\/www.locationencorse.eu\/blog\/cascade-foret-lospedale\/\"><span style=\"color: #009bc2;\">Cascade dans la for\u00eat de l\u2019Osp\u00e9dale<\/span><\/a><\/li>\n<li><a title=\"aiguilles de Bavella et les randonn\u00e9es\" href=\"http:\/\/www.locationencorse.eu\/blog\/foret-les-aiguilles-bavella\/\"><span style=\"color: #009bc2;\">La for\u00eat et les aiguilles de Bavella<\/span><\/a><\/li>\n<li><a title=\"Trou de la Bombe au col de Velaco\" href=\"http:\/\/www.locationencorse.eu\/blog\/trou-bombe-col-velaco\/\">Le Trou de la Bombe au col Velaco<\/a><\/li>\n<li><a title=\"Rando Monte Renosu\" href=\"http:\/\/www.locationencorse.eu\/blog\/rando\/\"><span style=\"color: #009bc2;\">Rando Monte Renosu<\/span><\/a><\/li>\n<\/ul>\n<p>Randonn\u00e9es et balades c\u00f4te Orientale<\/p>\n<ul>\n<li><a title=\"randonn\u00e9e Cascade \u00e0 San Gavinu Di Fiumorbu\" href=\"http:\/\/www.locationencorse.eu\/blog\/cascade-san-gavinu-di-fiumorbu\/\"><span style=\"color: #009bc2;\">Cascade \u00e0 San Gavinu Di Fiumorbu<\/span><\/a><\/li>\n<\/ul>\n<p>&nbsp;<\/p>\n<!-- AddThis Advanced Settings generic via filter on the_content --><!-- AddThis Share Buttons generic via filter on the_content -->","protected":false},"excerpt":{"rendered":"<p>Les randonn\u00e9es:&nbsp; A pied sans autre souci que celui d\u2019avancer et d\u2019admirer la beaut\u00e9 du paysage, le randonneur rentre en osmose avec la nature corse . La beaut\u00e9 de ces lieux laisse libre cours \u00e0 la r\u00eaverie et au plaisir &hellip; <a href=\"https:\/\/www.locationencorse.eu\/blog\/le-paradis-naturel-des-sportifs\/randonnees-balades-corses\/\">Continuer la lecture <span class=\"meta-nav\">&rarr;<\/span><\/a><!-- AddThis Advanced Settings generic via filter on get_the_excerpt --><!-- AddThis Share Buttons generic via filter on get_the_excerpt --><\/p>\n","protected":false},"author":2,"featured_media":0,"parent":2355,"menu_order":0,"comment_status":"open","ping_status":"open","template":"","meta":{"_mi_skip_tracking":false,"_monsterinsights_sitenote_active":false,"_monsterinsights_sitenote_note":"","_monsterinsights_sitenote_category":0,"ngg_post_thumbnail":0,"footnotes":""},"yoast_head":"<!-- This site is optimized with the Yoast SEO plugin v21.1 - https:\/\/yoast.com\/wordpress\/plugins\/seo\/ -->\n<title>Randonn\u00e9es et promenades en Corse du nord et sud<\/title>\n<meta name=\"description\" content=\"Les randonn\u00e9es et promenades \u00e0 pied ou en bateau en Corse sans autre souci que celui d\u2019avancer et d\u2019admirer la beaut\u00e9 du paysage de l&#039;ile.\" \/>\n<meta name=\"robots\" content=\"index, follow, max-snippet:-1, max-image-preview:large, max-video-preview:-1\" \/>\n<link rel=\"canonical\" href=\"https:\/\/www.locationencorse.eu\/blog\/le-paradis-naturel-des-sportifs\/randonnees-balades-corses\/\" \/>\n<meta property=\"og:locale\" content=\"fr_FR\" \/>\n<meta property=\"og:type\" content=\"article\" \/>\n<meta property=\"og:title\" content=\"Randonn\u00e9es et promenades en Corse du nord et sud\" \/>\n<meta property=\"og:description\" content=\"Les randonn\u00e9es et promenades \u00e0 pied ou en bateau en Corse sans autre souci que celui d\u2019avancer et d\u2019admirer la beaut\u00e9 du paysage de l&#039;ile.\" \/>\n<meta property=\"og:url\" content=\"https:\/\/www.locationencorse.eu\/blog\/le-paradis-naturel-des-sportifs\/randonnees-balades-corses\/\" \/>\n<meta property=\"og:site_name\" content=\"La Corse\" \/>\n<meta property=\"article:modified_time\" content=\"2021-09-18T09:21:38+00:00\" \/>\n<meta name=\"twitter:label1\" content=\"Dur\u00e9e de lecture estim\u00e9e\" \/>\n\t<meta name=\"twitter:data1\" content=\"2 minutes\" \/>\n<script type=\"application\/ld+json\" class=\"yoast-schema-graph\">{\"@context\":\"https:\/\/schema.org\",\"@graph\":[{\"@type\":\"WebPage\",\"@id\":\"https:\/\/www.locationencorse.eu\/blog\/le-paradis-naturel-des-sportifs\/randonnees-balades-corses\/\",\"url\":\"https:\/\/www.locationencorse.eu\/blog\/le-paradis-naturel-des-sportifs\/randonnees-balades-corses\/\",\"name\":\"Randonn\u00e9es et promenades en Corse du nord et sud\",\"isPartOf\":{\"@id\":\"https:\/\/www.locationencorse.eu\/blog\/#website\"},\"datePublished\":\"2014-05-17T17:36:52+00:00\",\"dateModified\":\"2021-09-18T09:21:38+00:00\",\"description\":\"Les randonn\u00e9es et promenades \u00e0 pied ou en bateau en Corse sans autre souci que celui d\u2019avancer et d\u2019admirer la beaut\u00e9 du paysage de l'ile.\",\"breadcrumb\":{\"@id\":\"https:\/\/www.locationencorse.eu\/blog\/le-paradis-naturel-des-sportifs\/randonnees-balades-corses\/#breadcrumb\"},\"inLanguage\":\"fr-FR\",\"potentialAction\":[{\"@type\":\"ReadAction\",\"target\":[\"https:\/\/www.locationencorse.eu\/blog\/le-paradis-naturel-des-sportifs\/randonnees-balades-corses\/\"]}]},{\"@type\":\"BreadcrumbList\",\"@id\":\"https:\/\/www.locationencorse.eu\/blog\/le-paradis-naturel-des-sportifs\/randonnees-balades-corses\/#breadcrumb\",\"itemListElement\":[{\"@type\":\"ListItem\",\"position\":1,\"name\":\"Accueil\",\"item\":\"https:\/\/www.locationencorse.eu\/blog\/\"},{\"@type\":\"ListItem\",\"position\":2,\"name\":\"Le paradis naturel des sportifs\",\"item\":\"https:\/\/www.locationencorse.eu\/blog\/le-paradis-naturel-des-sportifs\/\"},{\"@type\":\"ListItem\",\"position\":3,\"name\":\"Randonn\u00e9es et balades corses\"}]},{\"@type\":\"WebSite\",\"@id\":\"https:\/\/www.locationencorse.eu\/blog\/#website\",\"url\":\"https:\/\/www.locationencorse.eu\/blog\/\",\"name\":\"La Corse\",\"description\":\"Vacances en Corse sur \u00cele de beaut\u00e9\",\"potentialAction\":[{\"@type\":\"SearchAction\",\"target\":{\"@type\":\"EntryPoint\",\"urlTemplate\":\"https:\/\/www.locationencorse.eu\/blog\/?s={search_term_string}\"},\"query-input\":\"required name=search_term_string\"}],\"inLanguage\":\"fr-FR\"}]}<\/script>\n<!-- \/ Yoast SEO plugin. -->","yoast_head_json":{"title":"Randonn\u00e9es et promenades en Corse du nord et sud","description":"Les randonn\u00e9es et promenades \u00e0 pied ou en bateau en Corse sans autre souci que celui d\u2019avancer et d\u2019admirer la beaut\u00e9 du paysage de l'ile.","robots":{"index":"index","follow":"follow","max-snippet":"max-snippet:-1","max-image-preview":"max-image-preview:large","max-video-preview":"max-video-preview:-1"},"canonical":"https:\/\/www.locationencorse.eu\/blog\/le-paradis-naturel-des-sportifs\/randonnees-balades-corses\/","og_locale":"fr_FR","og_type":"article","og_title":"Randonn\u00e9es et promenades en Corse du nord et sud","og_description":"Les randonn\u00e9es et promenades \u00e0 pied ou en bateau en Corse sans autre souci que celui d\u2019avancer et d\u2019admirer la beaut\u00e9 du paysage de l'ile.","og_url":"https:\/\/www.locationencorse.eu\/blog\/le-paradis-naturel-des-sportifs\/randonnees-balades-corses\/","og_site_name":"La Corse","article_modified_time":"2021-09-18T09:21:38+00:00","twitter_misc":{"Dur\u00e9e de lecture estim\u00e9e":"2 minutes"},"schema":{"@context":"https:\/\/schema.org","@graph":[{"@type":"WebPage","@id":"https:\/\/www.locationencorse.eu\/blog\/le-paradis-naturel-des-sportifs\/randonnees-balades-corses\/","url":"https:\/\/www.locationencorse.eu\/blog\/le-paradis-naturel-des-sportifs\/randonnees-balades-corses\/","name":"Randonn\u00e9es et promenades en Corse du nord et sud","isPartOf":{"@id":"https:\/\/www.locationencorse.eu\/blog\/#website"},"datePublished":"2014-05-17T17:36:52+00:00","dateModified":"2021-09-18T09:21:38+00:00","description":"Les randonn\u00e9es et promenades \u00e0 pied ou en bateau en Corse sans autre souci que celui d\u2019avancer et d\u2019admirer la beaut\u00e9 du paysage de l'ile.","breadcrumb":{"@id":"https:\/\/www.locationencorse.eu\/blog\/le-paradis-naturel-des-sportifs\/randonnees-balades-corses\/#breadcrumb"},"inLanguage":"fr-FR","potentialAction":[{"@type":"ReadAction","target":["https:\/\/www.locationencorse.eu\/blog\/le-paradis-naturel-des-sportifs\/randonnees-balades-corses\/"]}]},{"@type":"BreadcrumbList","@id":"https:\/\/www.locationencorse.eu\/blog\/le-paradis-naturel-des-sportifs\/randonnees-balades-corses\/#breadcrumb","itemListElement":[{"@type":"ListItem","position":1,"name":"Accueil","item":"https:\/\/www.locationencorse.eu\/blog\/"},{"@type":"ListItem","position":2,"name":"Le paradis naturel des sportifs","item":"https:\/\/www.locationencorse.eu\/blog\/le-paradis-naturel-des-sportifs\/"},{"@type":"ListItem","position":3,"name":"Randonn\u00e9es et balades corses"}]},{"@type":"WebSite","@id":"https:\/\/www.locationencorse.eu\/blog\/#website","url":"https:\/\/www.locationencorse.eu\/blog\/","name":"La Corse","description":"Vacances en Corse sur \u00cele de beaut\u00e9","potentialAction":[{"@type":"SearchAction","target":{"@type":"EntryPoint","urlTemplate":"https:\/\/www.locationencorse.eu\/blog\/?s={search_term_string}"},"query-input":"required name=search_term_string"}],"inLanguage":"fr-FR"}]}},"_links":{"self":[{"href":"https:\/\/www.locationencorse.eu\/blog\/wp-json\/wp\/v2\/pages\/4612"}],"collection":[{"href":"https:\/\/www.locationencorse.eu\/blog\/wp-json\/wp\/v2\/pages"}],"about":[{"href":"https:\/\/www.locationencorse.eu\/blog\/wp-json\/wp\/v2\/types\/page"}],"author":[{"embeddable":true,"href":"https:\/\/www.locationencorse.eu\/blog\/wp-json\/wp\/v2\/users\/2"}],"replies":[{"embeddable":true,"href":"https:\/\/www.locationencorse.eu\/blog\/wp-json\/wp\/v2\/comments?post=4612"}],"version-history":[{"count":28,"href":"https:\/\/www.locationencorse.eu\/blog\/wp-json\/wp\/v2\/pages\/4612\/revisions"}],"predecessor-version":[{"id":7944,"href":"https:\/\/www.locationencorse.eu\/blog\/wp-json\/wp\/v2\/pages\/4612\/revisions\/7944"}],"up":[{"embeddable":true,"href":"https:\/\/www.locationencorse.eu\/blog\/wp-json\/wp\/v2\/pages\/2355"}],"wp:attachment":[{"href":"https:\/\/www.locationencorse.eu\/blog\/wp-json\/wp\/v2\/media?parent=4612"}],"curies":[{"name":"wp","href":"https:\/\/api.w.org\/{rel}","templated":true}]}}