{"id":4137,"date":"2014-05-03T14:10:08","date_gmt":"2014-05-03T12:10:08","guid":{"rendered":"http:\/\/www.locationencorse.eu\/blog\/?page_id=4137"},"modified":"2016-11-27T08:23:52","modified_gmt":"2016-11-27T07:23:52","slug":"les-rivieres-en-corse","status":"publish","type":"page","link":"https:\/\/www.locationencorse.eu\/blog\/les-rivieres-en-corse\/","title":{"rendered":"Les rivi\u00e8res en Corse"},"content":{"rendered":"<p><span style=\"color: rgb(0, 0, 0);\"><code>Presque \u00e0 sec l\u2019\u00e9t\u00e9, les fleuves (I fiumi), ou plut\u00f4t les rivi\u00e8res, rappellent par les colossaux ponts solidement arqu\u00e9s qui les enjambent, qu\u2019ils sont torrentiels<\/code><\/span><\/p>\n<p><span style=\"color: rgb(255, 102, 0);\"><strong>Versant Est<\/strong><\/span><\/p>\n<p><span style=\"color: rgb(0, 0, 0);\">Bevinco<\/span>, 22 kilom\u00e8tres de long prend sa source sur le Monte Reghia Pozzo \u00e0 1 469 m\u00e8tres. Il emprunte le d\u00e9fil\u00e9 de Lancone pour se jeter dans l\u2019\u00e9tang de Biguglia.<\/p>\n<p><a href=\"http:\/\/www.locationencorse.eu\/blog\/wp-content\/uploads\/2014\/05\/bevinco.jpg\" data-rel=\"lightbox-image-0\" data-rl_title=\"\" data-rl_caption=\"\" title=\"\"><img decoding=\"async\" loading=\"lazy\" width=\"620\" height=\"329\" class=\"aligncenter size-large wp-image-4139\" alt=\"bevinco\" src=\"http:\/\/www.locationencorse.eu\/blog\/wp-content\/uploads\/2014\/05\/bevinco-750x399.jpg\" srcset=\"https:\/\/www.locationencorse.eu\/blog\/wp-content\/uploads\/2014\/05\/bevinco-750x399.jpg 750w, https:\/\/www.locationencorse.eu\/blog\/wp-content\/uploads\/2014\/05\/bevinco-400x213.jpg 400w, https:\/\/www.locationencorse.eu\/blog\/wp-content\/uploads\/2014\/05\/bevinco.jpg 989w\" sizes=\"(max-width: 620px) 100vw, 620px\" \/><\/a><\/p>\n<p><strong><span style=\"color: rgb(0, 0, 255);\">Golo<\/span><\/strong>, 85 km de long, le plus puissant prend sa source sur les flancs de la Plagia Orba \u00e0 2 525 m\u00e8tres, traverse le Niolo, d\u00e9vale la Scala di Sant Regina et finit sa course au sud de l\u2019\u00e9tang de Biguglia. Le Tartagine, l\u2019Asco et le Casulana sont ses principaux affluents.<\/p>\n<p><a href=\"http:\/\/www.locationencorse.eu\/blog\/wp-content\/uploads\/2014\/05\/golo2.jpg\" data-rel=\"lightbox-image-1\" data-rl_title=\"\" data-rl_caption=\"\" title=\"\"><img decoding=\"async\" loading=\"lazy\" width=\"668\" height=\"399\" class=\"aligncenter size-full wp-image-4144\" alt=\"golo\" src=\"http:\/\/www.locationencorse.eu\/blog\/wp-content\/uploads\/2014\/05\/golo2.jpg\" srcset=\"https:\/\/www.locationencorse.eu\/blog\/wp-content\/uploads\/2014\/05\/golo2.jpg 668w, https:\/\/www.locationencorse.eu\/blog\/wp-content\/uploads\/2014\/05\/golo2-400x238.jpg 400w\" sizes=\"(max-width: 668px) 100vw, 668px\" \/><\/a><\/p>\n<p><span style=\"color: rgb(0, 0, 255);\"><strong>Fium Alto<\/strong><\/span>, 24 km de long, Le Fium Alto a trente-quatre affluents r\u00e9f\u00e9renc\u00e9s&nbsp;, il descend du Mont San Pietro \u00e0 1&nbsp;767 m\u00e8tres. Il traverse la Castagniccia par La Porta et rejoint la mer \u00e0 Folelli.<\/p>\n<p><a href=\"http:\/\/www.locationencorse.eu\/blog\/wp-content\/uploads\/2014\/05\/fium.jpg\" data-rel=\"lightbox-image-2\" data-rl_title=\"\" data-rl_caption=\"\" title=\"\"><img decoding=\"async\" loading=\"lazy\" width=\"620\" height=\"360\" class=\"aligncenter size-large wp-image-4146\" alt=\"fiumalto\" src=\"http:\/\/www.locationencorse.eu\/blog\/wp-content\/uploads\/2014\/05\/fium-750x436.jpg\" srcset=\"https:\/\/www.locationencorse.eu\/blog\/wp-content\/uploads\/2014\/05\/fium-750x436.jpg 750w, https:\/\/www.locationencorse.eu\/blog\/wp-content\/uploads\/2014\/05\/fium-400x232.jpg 400w, https:\/\/www.locationencorse.eu\/blog\/wp-content\/uploads\/2014\/05\/fium.jpg 988w\" sizes=\"(max-width: 620px) 100vw, 620px\" \/><\/a><\/p>\n<p><span style=\"color: rgb(0, 0, 255);\"><strong>Alesani<\/strong><\/span>, 21km de long, prend sa source \u00e0 la Punta de Caldane \u00e0 1724 m\u00e8tres. Descend par Piobetta jusqu\u2019au sud de Prunete, pr\u00e8s de Cervione. La rivi\u00e8re d&rsquo;Alesani a vingt affluents r\u00e9f\u00e9renc\u00e9s.<\/p>\n<p>&nbsp;<\/p>\n<p><span style=\"color: rgb(0, 0, 255);\"><strong>Bravone<\/strong><\/span>, issu du m\u00eame massif que le pr\u00e9c\u00e9dent a 30 km de long. Il se jette dans la mer au nord d\u2019Al\u00e9ria. La Bravona a 31 ruisseaux affluents contributeurs r\u00e9f\u00e9renc\u00e9s<\/p>\n<p><a href=\"http:\/\/www.locationencorse.eu\/blog\/wp-content\/uploads\/2014\/05\/bravone.jpg\" data-rel=\"lightbox-image-3\" data-rl_title=\"\" data-rl_caption=\"\" title=\"\"><img decoding=\"async\" loading=\"lazy\" width=\"620\" height=\"372\" class=\"aligncenter size-large wp-image-4148\" alt=\"bravone\" src=\"http:\/\/www.locationencorse.eu\/blog\/wp-content\/uploads\/2014\/05\/bravone-750x451.jpg\" srcset=\"https:\/\/www.locationencorse.eu\/blog\/wp-content\/uploads\/2014\/05\/bravone-750x451.jpg 750w, https:\/\/www.locationencorse.eu\/blog\/wp-content\/uploads\/2014\/05\/bravone-400x240.jpg 400w, https:\/\/www.locationencorse.eu\/blog\/wp-content\/uploads\/2014\/05\/bravone.jpg 792w\" sizes=\"(max-width: 620px) 100vw, 620px\" \/><\/a><\/p>\n<p><span style=\"color: rgb(0, 0, 255);\"><strong>Tavignano<\/strong><\/span>, 80 km de long, Le Tavignano a soixante-quatorze affluents r\u00e9f\u00e9renc\u00e9s. Il na\u00eet au-dessus du lac de Nino \u00e0 1 743 m\u00e8tres. Il se jette dans la mer Tyrrh\u00e9nienne au Sud de la plage de Padulone.<\/p>\n<p><a href=\"http:\/\/www.locationencorse.eu\/blog\/wp-content\/uploads\/2014\/05\/tavignano.jpg\" data-rel=\"lightbox-image-4\" data-rl_title=\"\" data-rl_caption=\"\" title=\"\"><img decoding=\"async\" loading=\"lazy\" width=\"620\" height=\"350\" class=\"aligncenter size-large wp-image-4151\" alt=\"tavignano\" src=\"http:\/\/www.locationencorse.eu\/blog\/wp-content\/uploads\/2014\/05\/tavignano-750x424.jpg\" srcset=\"https:\/\/www.locationencorse.eu\/blog\/wp-content\/uploads\/2014\/05\/tavignano-750x424.jpg 750w, https:\/\/www.locationencorse.eu\/blog\/wp-content\/uploads\/2014\/05\/tavignano-400x226.jpg 400w, https:\/\/www.locationencorse.eu\/blog\/wp-content\/uploads\/2014\/05\/tavignano.jpg 990w\" sizes=\"(max-width: 620px) 100vw, 620px\" \/><\/a><\/p>\n<p><span style=\"color: rgb(0, 0, 255);\"><strong>Abatescu&nbsp;<\/strong><\/span>, il prend sa source sur le Monte Formicola et fait 22 kilom\u00e8tres de long, il passe par San Gavino di Fiumorbo et Migliacciari. L&rsquo;Abastesco a dix-neuf ruisseaux affluents r\u00e9f\u00e9renc\u00e9s.<\/p>\n<p><a href=\"http:\/\/www.locationencorse.eu\/blog\/wp-content\/uploads\/2014\/05\/pont-abatescu.jpg\" data-rel=\"lightbox-image-5\" data-rl_title=\"\" data-rl_caption=\"\" title=\"\"><img decoding=\"async\" loading=\"lazy\" width=\"620\" height=\"316\" class=\"aligncenter size-large wp-image-4153\" alt=\"pont abatescu\" src=\"http:\/\/www.locationencorse.eu\/blog\/wp-content\/uploads\/2014\/05\/pont-abatescu-750x383.jpg\" srcset=\"https:\/\/www.locationencorse.eu\/blog\/wp-content\/uploads\/2014\/05\/pont-abatescu-750x383.jpg 750w, https:\/\/www.locationencorse.eu\/blog\/wp-content\/uploads\/2014\/05\/pont-abatescu-400x204.jpg 400w, https:\/\/www.locationencorse.eu\/blog\/wp-content\/uploads\/2014\/05\/pont-abatescu.jpg 1106w\" sizes=\"(max-width: 620px) 100vw, 620px\" \/><\/a><\/p>\n<p><span style=\"color: rgb(0, 0, 255);\"><strong>Travo<\/strong> <\/span>, il a trente-et-un ruisseaux affluents r\u00e9f\u00e9renc\u00e9s et fait 27 kilom\u00e8tres de long. Il nait sur l\u2019Incudine \u00e0 2128 m, il passe par Chisa et se jette au pont du Travo.<\/p>\n<p><span style=\"color: rgb(0, 0, 255);\"><strong>Solenzara<\/strong><\/span> a sa source dans le massif de la Punta de Taffantu di Paliri \u00e0 1331 m\u00e8tres, et fait 20 km de long Elle \u00e0 comme affluent le Fiumicello et se jette \u00e0 la mer \u00e0 Solenzara.<\/p>\n<p><span style=\"color: rgb(0, 51, 0);\"><span style=\"color: rgb(0, 0, 255);\"><strong>Cavo<\/strong> <\/span>\u00e0 sa source sur la Punta Quercitella et fait 20 kilom\u00e8tres de long. Le Cavo a dix ruisseaux affluents contributeurs r\u00e9f\u00e9renc\u00e9s<sup class=\"reference\" id=\"cite_ref-sandre_1-2\"><\/sup><\/span><\/p>\n<p><a href=\"http:\/\/www.locationencorse.eu\/blog\/wp-content\/uploads\/2014\/05\/cavo.jpg\" data-rel=\"lightbox-image-6\" data-rl_title=\"\" data-rl_caption=\"\" title=\"\"><img decoding=\"async\" loading=\"lazy\" width=\"750\" height=\"325\" class=\"aligncenter size-full wp-image-4159\" alt=\"cavo\" src=\"http:\/\/www.locationencorse.eu\/blog\/wp-content\/uploads\/2014\/05\/cavo.jpg\" srcset=\"https:\/\/www.locationencorse.eu\/blog\/wp-content\/uploads\/2014\/05\/cavo.jpg 750w, https:\/\/www.locationencorse.eu\/blog\/wp-content\/uploads\/2014\/05\/cavo-400x173.jpg 400w\" sizes=\"(max-width: 750px) 100vw, 750px\" \/><\/a><span style=\"color: rgb(0, 0, 255);\"><strong>Osu<\/strong><\/span> a sa source sur le Monte Calva \u00e0 1378 m\u00e8tres et fait 20 kilom\u00e8tres de long, il coule au nord de Porto-Vecchio.<\/p>\n<p><span style=\"color: rgb(0, 0, 255);\"><strong>Stabiacciu<\/strong><\/span> prend sa source sur la fa\u00e7ade est de la Punta Dell Vacca Morta \u00e0 1 314 m\u00e8tres., et se jette dans le golfe de Porto Vecchio. Il fait 200 km de long. Le Stabiacciu a onze ruisseaux affluents r\u00e9f\u00e9renc\u00e9s.<\/p>\n<p><a href=\"http:\/\/www.locationencorse.eu\/blog\/wp-content\/uploads\/2014\/05\/staiacciu.jpg\" data-rel=\"lightbox-image-7\" data-rl_title=\"\" data-rl_caption=\"\" title=\"\"><img decoding=\"async\" loading=\"lazy\" width=\"750\" height=\"379\" class=\"aligncenter size-full wp-image-4166\" alt=\"staiacciu\" src=\"http:\/\/www.locationencorse.eu\/blog\/wp-content\/uploads\/2014\/05\/staiacciu.jpg\" srcset=\"https:\/\/www.locationencorse.eu\/blog\/wp-content\/uploads\/2014\/05\/staiacciu.jpg 750w, https:\/\/www.locationencorse.eu\/blog\/wp-content\/uploads\/2014\/05\/staiacciu-400x202.jpg 400w\" sizes=\"(max-width: 750px) 100vw, 750px\" \/><\/a><span style=\"color: rgb(255, 102, 0);\"><strong>Versant Ouest<\/strong><\/span><\/p>\n<p>&nbsp;<\/p>\n<!-- AddThis Advanced Settings generic via filter on the_content --><!-- AddThis Share Buttons generic via filter on the_content -->","protected":false},"excerpt":{"rendered":"<p>Presque \u00e0 sec l\u2019\u00e9t\u00e9, les fleuves (I fiumi), ou plut\u00f4t les rivi\u00e8res, rappellent par les colossaux ponts solidement arqu\u00e9s qui les enjambent, qu\u2019ils sont torrentiels Versant Est Bevinco, 22 kilom\u00e8tres de long prend sa source sur le Monte Reghia Pozzo &hellip; <a href=\"https:\/\/www.locationencorse.eu\/blog\/les-rivieres-en-corse\/\">Continuer la lecture <span class=\"meta-nav\">&rarr;<\/span><\/a><!-- AddThis Advanced Settings generic via filter on get_the_excerpt --><!-- AddThis Share Buttons generic via filter on get_the_excerpt --><\/p>\n","protected":false},"author":2,"featured_media":0,"parent":0,"menu_order":0,"comment_status":"open","ping_status":"open","template":"","meta":{"_mi_skip_tracking":false,"_monsterinsights_sitenote_active":false,"_monsterinsights_sitenote_note":"","_monsterinsights_sitenote_category":0,"ngg_post_thumbnail":0,"footnotes":""},"yoast_head":"<!-- This site is optimized with the Yoast SEO plugin v21.1 - https:\/\/yoast.com\/wordpress\/plugins\/seo\/ -->\n<title>Les rivi\u00e8res en Corse - La Corse<\/title>\n<meta name=\"robots\" content=\"index, follow, max-snippet:-1, max-image-preview:large, max-video-preview:-1\" \/>\n<link rel=\"canonical\" href=\"https:\/\/www.locationencorse.eu\/blog\/les-rivieres-en-corse\/\" \/>\n<meta property=\"og:locale\" content=\"fr_FR\" \/>\n<meta property=\"og:type\" content=\"article\" \/>\n<meta property=\"og:title\" content=\"Les rivi\u00e8res en Corse - La Corse\" \/>\n<meta property=\"og:description\" content=\"Presque \u00e0 sec l\u2019\u00e9t\u00e9, les fleuves (I fiumi), ou plut\u00f4t les rivi\u00e8res, rappellent par les colossaux ponts solidement arqu\u00e9s qui les enjambent, qu\u2019ils sont torrentiels Versant Est Bevinco, 22 kilom\u00e8tres de long prend sa source sur le Monte Reghia Pozzo &hellip; Continuer la lecture &rarr;\" \/>\n<meta property=\"og:url\" content=\"https:\/\/www.locationencorse.eu\/blog\/les-rivieres-en-corse\/\" \/>\n<meta property=\"og:site_name\" content=\"La Corse\" \/>\n<meta property=\"article:modified_time\" content=\"2016-11-27T07:23:52+00:00\" \/>\n<meta property=\"og:image\" content=\"http:\/\/www.locationencorse.eu\/blog\/wp-content\/uploads\/2014\/05\/bevinco-750x399.jpg\" \/>\n<meta name=\"twitter:label1\" content=\"Dur\u00e9e de lecture estim\u00e9e\" \/>\n\t<meta name=\"twitter:data1\" content=\"2 minutes\" \/>\n<script type=\"application\/ld+json\" class=\"yoast-schema-graph\">{\"@context\":\"https:\/\/schema.org\",\"@graph\":[{\"@type\":\"WebPage\",\"@id\":\"https:\/\/www.locationencorse.eu\/blog\/les-rivieres-en-corse\/\",\"url\":\"https:\/\/www.locationencorse.eu\/blog\/les-rivieres-en-corse\/\",\"name\":\"Les rivi\u00e8res en Corse - La Corse\",\"isPartOf\":{\"@id\":\"https:\/\/www.locationencorse.eu\/blog\/#website\"},\"datePublished\":\"2014-05-03T12:10:08+00:00\",\"dateModified\":\"2016-11-27T07:23:52+00:00\",\"breadcrumb\":{\"@id\":\"https:\/\/www.locationencorse.eu\/blog\/les-rivieres-en-corse\/#breadcrumb\"},\"inLanguage\":\"fr-FR\",\"potentialAction\":[{\"@type\":\"ReadAction\",\"target\":[\"https:\/\/www.locationencorse.eu\/blog\/les-rivieres-en-corse\/\"]}]},{\"@type\":\"BreadcrumbList\",\"@id\":\"https:\/\/www.locationencorse.eu\/blog\/les-rivieres-en-corse\/#breadcrumb\",\"itemListElement\":[{\"@type\":\"ListItem\",\"position\":1,\"name\":\"Accueil\",\"item\":\"https:\/\/www.locationencorse.eu\/blog\/\"},{\"@type\":\"ListItem\",\"position\":2,\"name\":\"Les rivi\u00e8res en Corse\"}]},{\"@type\":\"WebSite\",\"@id\":\"https:\/\/www.locationencorse.eu\/blog\/#website\",\"url\":\"https:\/\/www.locationencorse.eu\/blog\/\",\"name\":\"La Corse\",\"description\":\"Vacances en Corse sur \u00cele de beaut\u00e9\",\"potentialAction\":[{\"@type\":\"SearchAction\",\"target\":{\"@type\":\"EntryPoint\",\"urlTemplate\":\"https:\/\/www.locationencorse.eu\/blog\/?s={search_term_string}\"},\"query-input\":\"required name=search_term_string\"}],\"inLanguage\":\"fr-FR\"}]}<\/script>\n<!-- \/ Yoast SEO plugin. -->","yoast_head_json":{"title":"Les rivi\u00e8res en Corse - La Corse","robots":{"index":"index","follow":"follow","max-snippet":"max-snippet:-1","max-image-preview":"max-image-preview:large","max-video-preview":"max-video-preview:-1"},"canonical":"https:\/\/www.locationencorse.eu\/blog\/les-rivieres-en-corse\/","og_locale":"fr_FR","og_type":"article","og_title":"Les rivi\u00e8res en Corse - La Corse","og_description":"Presque \u00e0 sec l\u2019\u00e9t\u00e9, les fleuves (I fiumi), ou plut\u00f4t les rivi\u00e8res, rappellent par les colossaux ponts solidement arqu\u00e9s qui les enjambent, qu\u2019ils sont torrentiels Versant Est Bevinco, 22 kilom\u00e8tres de long prend sa source sur le Monte Reghia Pozzo &hellip; Continuer la lecture &rarr;","og_url":"https:\/\/www.locationencorse.eu\/blog\/les-rivieres-en-corse\/","og_site_name":"La Corse","article_modified_time":"2016-11-27T07:23:52+00:00","og_image":[{"url":"http:\/\/www.locationencorse.eu\/blog\/wp-content\/uploads\/2014\/05\/bevinco-750x399.jpg"}],"twitter_misc":{"Dur\u00e9e de lecture estim\u00e9e":"2 minutes"},"schema":{"@context":"https:\/\/schema.org","@graph":[{"@type":"WebPage","@id":"https:\/\/www.locationencorse.eu\/blog\/les-rivieres-en-corse\/","url":"https:\/\/www.locationencorse.eu\/blog\/les-rivieres-en-corse\/","name":"Les rivi\u00e8res en Corse - La Corse","isPartOf":{"@id":"https:\/\/www.locationencorse.eu\/blog\/#website"},"datePublished":"2014-05-03T12:10:08+00:00","dateModified":"2016-11-27T07:23:52+00:00","breadcrumb":{"@id":"https:\/\/www.locationencorse.eu\/blog\/les-rivieres-en-corse\/#breadcrumb"},"inLanguage":"fr-FR","potentialAction":[{"@type":"ReadAction","target":["https:\/\/www.locationencorse.eu\/blog\/les-rivieres-en-corse\/"]}]},{"@type":"BreadcrumbList","@id":"https:\/\/www.locationencorse.eu\/blog\/les-rivieres-en-corse\/#breadcrumb","itemListElement":[{"@type":"ListItem","position":1,"name":"Accueil","item":"https:\/\/www.locationencorse.eu\/blog\/"},{"@type":"ListItem","position":2,"name":"Les rivi\u00e8res en Corse"}]},{"@type":"WebSite","@id":"https:\/\/www.locationencorse.eu\/blog\/#website","url":"https:\/\/www.locationencorse.eu\/blog\/","name":"La Corse","description":"Vacances en Corse sur \u00cele de beaut\u00e9","potentialAction":[{"@type":"SearchAction","target":{"@type":"EntryPoint","urlTemplate":"https:\/\/www.locationencorse.eu\/blog\/?s={search_term_string}"},"query-input":"required name=search_term_string"}],"inLanguage":"fr-FR"}]}},"_links":{"self":[{"href":"https:\/\/www.locationencorse.eu\/blog\/wp-json\/wp\/v2\/pages\/4137"}],"collection":[{"href":"https:\/\/www.locationencorse.eu\/blog\/wp-json\/wp\/v2\/pages"}],"about":[{"href":"https:\/\/www.locationencorse.eu\/blog\/wp-json\/wp\/v2\/types\/page"}],"author":[{"embeddable":true,"href":"https:\/\/www.locationencorse.eu\/blog\/wp-json\/wp\/v2\/users\/2"}],"replies":[{"embeddable":true,"href":"https:\/\/www.locationencorse.eu\/blog\/wp-json\/wp\/v2\/comments?post=4137"}],"version-history":[{"count":25,"href":"https:\/\/www.locationencorse.eu\/blog\/wp-json\/wp\/v2\/pages\/4137\/revisions"}],"predecessor-version":[{"id":6907,"href":"https:\/\/www.locationencorse.eu\/blog\/wp-json\/wp\/v2\/pages\/4137\/revisions\/6907"}],"wp:attachment":[{"href":"https:\/\/www.locationencorse.eu\/blog\/wp-json\/wp\/v2\/media?parent=4137"}],"curies":[{"name":"wp","href":"https:\/\/api.w.org\/{rel}","templated":true}]}}