{"id":4102,"date":"2014-04-30T19:32:58","date_gmt":"2014-04-30T17:32:58","guid":{"rendered":"http:\/\/www.locationencorse.eu\/blog\/?page_id=4102"},"modified":"2014-04-30T21:21:33","modified_gmt":"2014-04-30T19:21:33","slug":"larcheologie-en-corse","status":"publish","type":"page","link":"https:\/\/www.locationencorse.eu\/blog\/larcheologie-en-corse\/","title":{"rendered":"L\u2019Arch\u00e9ologie en Corse"},"content":{"rendered":"<p>L&rsquo;Arch\u00e9ologie en Corse est\u00a0le carrefour de plusieurs civilisations, le sol Corse renferme des vestiges longtemps ignor\u00e9s. Aujourd\u2019hui, les sites en partie d\u00e9couverts sont l\u00e0, passionnants, voir spectaculaires, et invitent les visiteurs \u00e0 remonter le temps. Des si\u00e8cles et des si\u00e8cles durant, les statues-menhirs ont sommeill\u00e9, tapies sous l&rsquo;\u00e9pais maquis corse.<\/p>\n<p><span style=\"color: #0000ff;\"><strong>Haute Corse<\/strong><\/span><\/p>\n<p><a title=\"Al\u00e9ria\" href=\"http:\/\/www.locationencorse.eu\/blog\/aleria\/\" target=\"_blank\">Al\u00e9ria<\/a>\u00a0: Plaine orientale, les fouilles ont mis \u00e0 jours l\u2019antique cit\u00e9 romaine avec son forum, son temple, son pr\u00e9toire, la n\u00e9cropole grecque et \u00e9trusque..<\/p>\n<p>Calacuccia dans le Niolo, voir le dolmen de Saint Fran\u00e7ois, la Statue menhir de Cumatoghiu.une statue-menhir de l&rsquo;\u00e2ge du bronze a \u00e9t\u00e9 l&rsquo;objet d&rsquo;un bras de fer entre <a title=\"statue menhir\" href=\"http:\/\/www.liberation.fr\/grand-angle\/2006\/01\/11\/sainte-pierre-des-corses_26038\" target=\"_blank\">nationalistes et arch\u00e9ologues \u00abofficiels\u00bb.<\/a><\/p>\n<p><a title=\"Lucciana : La Canonica\" href=\"http:\/\/www.locationencorse.eu\/blog\/lucciana-la-canonica\/\" target=\"_blank\">Mariana<\/a> (proche Bastia), les fouilles ont d\u00e9gag\u00e9 un ensemble pal\u00e9ochr\u00e9tien et de tr\u00e8s belles mosa\u00efques datant de la fin du IVe<\/p>\n<p>Patrimonio dans le Nebbio\u00a0; <a title=\"La statue menhir \u201cNativu\u201d \u00e0 Patrimonio\" href=\"http:\/\/www.locationencorse.eu\/blog\/statue-menhir-nativu-patrimonio\/\" target=\"_blank\">Statue menhir le Nativu<\/a>.<\/p>\n<p>Pi\u00e9vre dans le Nebbio. Ces trois statues-menhirs (Buccentone, Murellu et Murtola) ont \u00e9t\u00e9 rassembl\u00e9es sur la <strong>place de l&rsquo;\u00e9glise<\/strong> au-dessus du village.<\/p>\n<p><a href=\"http:\/\/www.locationencorse.eu\/blog\/wp-content\/uploads\/2014\/04\/eglise-de-pievre2.jpg\" data-rel=\"lightbox-image-0\" data-rl_title=\"\" data-rl_caption=\"\" title=\"\"><img decoding=\"async\" loading=\"lazy\" class=\"aligncenter size-full wp-image-4114\" src=\"http:\/\/www.locationencorse.eu\/blog\/wp-content\/uploads\/2014\/04\/eglise-de-pievre2.jpg\" alt=\"Eglise de pievre\" width=\"334\" height=\"397\" \/><\/a><br \/>\n<strong><span style=\"color: #0000ff;\">Corse du Sud<\/span><\/strong><\/p>\n<p>Favallello, \u00e0 5 kilom\u00e8tres de Porto-Pollo par la D757, statue menhir arm\u00e9e\u00a0: U Paladinu<\/p>\n<p><a title=\"Filitosa\" href=\"http:\/\/www.locationencorse.eu\/blog\/filitosa\/\" target=\"_blank\">Filitosa<\/a> dans le Valinco, avec son gisement de statues menhirs, son village torr\u00e9en et ses nombreux monuments, ce site constitues le principale centre pr\u00e9historique de la Corse<\/p>\n<p>Levie, Valinco \u2013Alta Rocca visiter <a title=\"cucuruzu\" href=\"http:\/\/www.locationencorse.eu\/blog\/les-sites-prehistoriques-du-plateau-cauria\/\" target=\"_blank\">Cucuruzu<\/a>, forteresse monumentale de l\u2019\u00e2ge de bronze. Capula, un autre Castello d\u2019une richesse exceptionnelle.<\/p>\n<p>Porto-Vecchio, sud Corse, Visitez Le <strong>Castello D\u2019Araggio<\/strong>, un des plus importants et mieux conserv\u00e9s complexes monumentaux fortifi\u00e9s torr\u00e9ens. Voir aussi l\u2019ensemble fortifi\u00e9 de Teppa, La N\u00e9cropole m\u00e9galithique de Vascolaccio pr\u00e8s de Sotta au dessus du hameau de Salvadicella, Torra sit et complexe pr\u00e9historique, occup\u00e9 il y a 1400 ans avant JC par de terribles guerriers Torr\u00e9ens qui envahirent la Corse.<\/p>\n<p><a href=\"http:\/\/www.locationencorse.eu\/blog\/wp-content\/uploads\/2014\/04\/Le-Castello-D\u2019Araggio.jpg\" data-rel=\"lightbox-image-1\" data-rl_title=\"\" data-rl_caption=\"\" title=\"\"><img decoding=\"async\" loading=\"lazy\" class=\"aligncenter size-large wp-image-4117\" src=\"http:\/\/www.locationencorse.eu\/blog\/wp-content\/uploads\/2014\/04\/Le-Castello-D\u2019Araggio-750x453.jpg\" alt=\"Le Castello D\u2019Araggio\" width=\"620\" height=\"374\" srcset=\"https:\/\/www.locationencorse.eu\/blog\/wp-content\/uploads\/2014\/04\/Le-Castello-D\u2019Araggio-750x453.jpg 750w, https:\/\/www.locationencorse.eu\/blog\/wp-content\/uploads\/2014\/04\/Le-Castello-D\u2019Araggio-400x241.jpg 400w, https:\/\/www.locationencorse.eu\/blog\/wp-content\/uploads\/2014\/04\/Le-Castello-D\u2019Araggio.jpg 897w\" sizes=\"(max-width: 620px) 100vw, 620px\" \/><\/a><\/p>\n<p>Sagone, pr\u00e8s du pont, un chemin conduit aux ruines d\u2019une ancienne Cath\u00e9drale du IVe si\u00e8cle et une statue menhir.<\/p>\n<p><a href=\"http:\/\/www.locationencorse.eu\/blog\/wp-content\/uploads\/2014\/04\/SANT-APPIANO.jpg\" data-rel=\"lightbox-image-2\" data-rl_title=\"\" data-rl_caption=\"\" title=\"\"><img decoding=\"async\" loading=\"lazy\" class=\"aligncenter size-medium wp-image-4119\" src=\"http:\/\/www.locationencorse.eu\/blog\/wp-content\/uploads\/2014\/04\/SANT-APPIANO-400x315.jpg\" alt=\"SANT' APPIANO\" width=\"400\" height=\"315\" srcset=\"https:\/\/www.locationencorse.eu\/blog\/wp-content\/uploads\/2014\/04\/SANT-APPIANO-400x315.jpg 400w, https:\/\/www.locationencorse.eu\/blog\/wp-content\/uploads\/2014\/04\/SANT-APPIANO.jpg 706w\" sizes=\"(max-width: 400px) 100vw, 400px\" \/><\/a><\/p>\n<p>Sart\u00e8ne, le <a title=\"Les sites pr\u00e9historiques du plateau de Cauria\" href=\"http:\/\/www.locationencorse.eu\/blog\/les-sites-prehistoriques-du-plateau-cauria\/\" target=\"_blank\">plateau de Cauria<\/a> ou se trouve la plus importante concentration de statues menhirs de tout le bassin m\u00e9diterran\u00e9en environ 2000 ans avant JC<\/p>\n<!-- AddThis Advanced Settings generic via filter on the_content --><!-- AddThis Share Buttons generic via filter on the_content -->","protected":false},"excerpt":{"rendered":"<p>L&rsquo;Arch\u00e9ologie en Corse est\u00a0le carrefour de plusieurs civilisations, le sol Corse renferme des vestiges longtemps ignor\u00e9s. Aujourd\u2019hui, les sites en partie d\u00e9couverts sont l\u00e0, passionnants, voir spectaculaires, et invitent les visiteurs \u00e0 remonter le temps. Des si\u00e8cles et des si\u00e8cles &hellip; <a href=\"https:\/\/www.locationencorse.eu\/blog\/larcheologie-en-corse\/\">Continuer la lecture <span class=\"meta-nav\">&rarr;<\/span><\/a><!-- AddThis Advanced Settings generic via filter on get_the_excerpt --><!-- AddThis Share Buttons generic via filter on get_the_excerpt --><\/p>\n","protected":false},"author":2,"featured_media":0,"parent":0,"menu_order":0,"comment_status":"open","ping_status":"open","template":"","meta":{"_mi_skip_tracking":false,"_monsterinsights_sitenote_active":false,"_monsterinsights_sitenote_note":"","_monsterinsights_sitenote_category":0,"ngg_post_thumbnail":0,"footnotes":""},"yoast_head":"<!-- This site is optimized with the Yoast SEO plugin v21.1 - https:\/\/yoast.com\/wordpress\/plugins\/seo\/ -->\n<title>L\u2019Arch\u00e9ologie en Corse - La Corse<\/title>\n<meta name=\"robots\" content=\"index, follow, max-snippet:-1, max-image-preview:large, max-video-preview:-1\" \/>\n<link rel=\"canonical\" href=\"https:\/\/www.locationencorse.eu\/blog\/larcheologie-en-corse\/\" \/>\n<meta property=\"og:locale\" content=\"fr_FR\" \/>\n<meta property=\"og:type\" content=\"article\" \/>\n<meta property=\"og:title\" content=\"L\u2019Arch\u00e9ologie en Corse - La Corse\" \/>\n<meta property=\"og:description\" content=\"L&rsquo;Arch\u00e9ologie en Corse est\u00a0le carrefour de plusieurs civilisations, le sol Corse renferme des vestiges longtemps ignor\u00e9s. Aujourd\u2019hui, les sites en partie d\u00e9couverts sont l\u00e0, passionnants, voir spectaculaires, et invitent les visiteurs \u00e0 remonter le temps. Des si\u00e8cles et des si\u00e8cles &hellip; Continuer la lecture &rarr;\" \/>\n<meta property=\"og:url\" content=\"https:\/\/www.locationencorse.eu\/blog\/larcheologie-en-corse\/\" \/>\n<meta property=\"og:site_name\" content=\"La Corse\" \/>\n<meta property=\"article:modified_time\" content=\"2014-04-30T19:21:33+00:00\" \/>\n<meta property=\"og:image\" content=\"http:\/\/www.locationencorse.eu\/blog\/wp-content\/uploads\/2014\/04\/eglise-de-pievre2.jpg\" \/>\n<meta name=\"twitter:label1\" content=\"Dur\u00e9e de lecture estim\u00e9e\" \/>\n\t<meta name=\"twitter:data1\" content=\"2 minutes\" \/>\n<script type=\"application\/ld+json\" class=\"yoast-schema-graph\">{\"@context\":\"https:\/\/schema.org\",\"@graph\":[{\"@type\":\"WebPage\",\"@id\":\"https:\/\/www.locationencorse.eu\/blog\/larcheologie-en-corse\/\",\"url\":\"https:\/\/www.locationencorse.eu\/blog\/larcheologie-en-corse\/\",\"name\":\"L\u2019Arch\u00e9ologie en Corse - La Corse\",\"isPartOf\":{\"@id\":\"https:\/\/www.locationencorse.eu\/blog\/#website\"},\"datePublished\":\"2014-04-30T17:32:58+00:00\",\"dateModified\":\"2014-04-30T19:21:33+00:00\",\"breadcrumb\":{\"@id\":\"https:\/\/www.locationencorse.eu\/blog\/larcheologie-en-corse\/#breadcrumb\"},\"inLanguage\":\"fr-FR\",\"potentialAction\":[{\"@type\":\"ReadAction\",\"target\":[\"https:\/\/www.locationencorse.eu\/blog\/larcheologie-en-corse\/\"]}]},{\"@type\":\"BreadcrumbList\",\"@id\":\"https:\/\/www.locationencorse.eu\/blog\/larcheologie-en-corse\/#breadcrumb\",\"itemListElement\":[{\"@type\":\"ListItem\",\"position\":1,\"name\":\"Accueil\",\"item\":\"https:\/\/www.locationencorse.eu\/blog\/\"},{\"@type\":\"ListItem\",\"position\":2,\"name\":\"L\u2019Arch\u00e9ologie en Corse\"}]},{\"@type\":\"WebSite\",\"@id\":\"https:\/\/www.locationencorse.eu\/blog\/#website\",\"url\":\"https:\/\/www.locationencorse.eu\/blog\/\",\"name\":\"La Corse\",\"description\":\"Vacances en Corse sur \u00cele de beaut\u00e9\",\"potentialAction\":[{\"@type\":\"SearchAction\",\"target\":{\"@type\":\"EntryPoint\",\"urlTemplate\":\"https:\/\/www.locationencorse.eu\/blog\/?s={search_term_string}\"},\"query-input\":\"required name=search_term_string\"}],\"inLanguage\":\"fr-FR\"}]}<\/script>\n<!-- \/ Yoast SEO plugin. -->","yoast_head_json":{"title":"L\u2019Arch\u00e9ologie en Corse - La Corse","robots":{"index":"index","follow":"follow","max-snippet":"max-snippet:-1","max-image-preview":"max-image-preview:large","max-video-preview":"max-video-preview:-1"},"canonical":"https:\/\/www.locationencorse.eu\/blog\/larcheologie-en-corse\/","og_locale":"fr_FR","og_type":"article","og_title":"L\u2019Arch\u00e9ologie en Corse - La Corse","og_description":"L&rsquo;Arch\u00e9ologie en Corse est\u00a0le carrefour de plusieurs civilisations, le sol Corse renferme des vestiges longtemps ignor\u00e9s. Aujourd\u2019hui, les sites en partie d\u00e9couverts sont l\u00e0, passionnants, voir spectaculaires, et invitent les visiteurs \u00e0 remonter le temps. Des si\u00e8cles et des si\u00e8cles &hellip; Continuer la lecture &rarr;","og_url":"https:\/\/www.locationencorse.eu\/blog\/larcheologie-en-corse\/","og_site_name":"La Corse","article_modified_time":"2014-04-30T19:21:33+00:00","og_image":[{"url":"http:\/\/www.locationencorse.eu\/blog\/wp-content\/uploads\/2014\/04\/eglise-de-pievre2.jpg"}],"twitter_misc":{"Dur\u00e9e de lecture estim\u00e9e":"2 minutes"},"schema":{"@context":"https:\/\/schema.org","@graph":[{"@type":"WebPage","@id":"https:\/\/www.locationencorse.eu\/blog\/larcheologie-en-corse\/","url":"https:\/\/www.locationencorse.eu\/blog\/larcheologie-en-corse\/","name":"L\u2019Arch\u00e9ologie en Corse - La Corse","isPartOf":{"@id":"https:\/\/www.locationencorse.eu\/blog\/#website"},"datePublished":"2014-04-30T17:32:58+00:00","dateModified":"2014-04-30T19:21:33+00:00","breadcrumb":{"@id":"https:\/\/www.locationencorse.eu\/blog\/larcheologie-en-corse\/#breadcrumb"},"inLanguage":"fr-FR","potentialAction":[{"@type":"ReadAction","target":["https:\/\/www.locationencorse.eu\/blog\/larcheologie-en-corse\/"]}]},{"@type":"BreadcrumbList","@id":"https:\/\/www.locationencorse.eu\/blog\/larcheologie-en-corse\/#breadcrumb","itemListElement":[{"@type":"ListItem","position":1,"name":"Accueil","item":"https:\/\/www.locationencorse.eu\/blog\/"},{"@type":"ListItem","position":2,"name":"L\u2019Arch\u00e9ologie en Corse"}]},{"@type":"WebSite","@id":"https:\/\/www.locationencorse.eu\/blog\/#website","url":"https:\/\/www.locationencorse.eu\/blog\/","name":"La Corse","description":"Vacances en Corse sur \u00cele de beaut\u00e9","potentialAction":[{"@type":"SearchAction","target":{"@type":"EntryPoint","urlTemplate":"https:\/\/www.locationencorse.eu\/blog\/?s={search_term_string}"},"query-input":"required name=search_term_string"}],"inLanguage":"fr-FR"}]}},"_links":{"self":[{"href":"https:\/\/www.locationencorse.eu\/blog\/wp-json\/wp\/v2\/pages\/4102"}],"collection":[{"href":"https:\/\/www.locationencorse.eu\/blog\/wp-json\/wp\/v2\/pages"}],"about":[{"href":"https:\/\/www.locationencorse.eu\/blog\/wp-json\/wp\/v2\/types\/page"}],"author":[{"embeddable":true,"href":"https:\/\/www.locationencorse.eu\/blog\/wp-json\/wp\/v2\/users\/2"}],"replies":[{"embeddable":true,"href":"https:\/\/www.locationencorse.eu\/blog\/wp-json\/wp\/v2\/comments?post=4102"}],"version-history":[{"count":15,"href":"https:\/\/www.locationencorse.eu\/blog\/wp-json\/wp\/v2\/pages\/4102\/revisions"}],"predecessor-version":[{"id":4121,"href":"https:\/\/www.locationencorse.eu\/blog\/wp-json\/wp\/v2\/pages\/4102\/revisions\/4121"}],"wp:attachment":[{"href":"https:\/\/www.locationencorse.eu\/blog\/wp-json\/wp\/v2\/media?parent=4102"}],"curies":[{"name":"wp","href":"https:\/\/api.w.org\/{rel}","templated":true}]}}