{"id":3308,"date":"2014-03-26T10:26:31","date_gmt":"2014-03-26T09:26:31","guid":{"rendered":"http:\/\/www.locationencorse.eu\/blog\/?page_id=3308"},"modified":"2020-02-24T21:16:01","modified_gmt":"2020-02-24T20:16:01","slug":"belles-videos-corse","status":"publish","type":"page","link":"https:\/\/www.locationencorse.eu\/blog\/belles-videos-corse\/","title":{"rendered":"Belles videos sur la Corse"},"content":{"rendered":"<p>Video de Roger Colombani<br \/>\nPendant des si\u00e8cles le destin de la CORSE \u00e9tait li\u00e9 a cette terre PARADIS entre MONTAGNE et MER ,l&rsquo;homme a tent\u00e9 de maintenir ces territoires morcel\u00e9s ,Converti en guide pour toute activit\u00e9s pour le tourisme tout en pr\u00e9servant leur patrimoine de ce paradis autan-tique<\/p>\n<p style=\"text-align: left;\">Les origines du drapeau Corse, <strong>vid\u00e9o de CorsicaNustrale<\/strong>: Au d\u00e9but il \u00e9tait sur les yeux, mais Pasquale Paoli le redressa sur le front par la suite pour indiquer que le peuple corse n&rsquo;est plus esclave et est libre.<\/p>\n<p style=\"text-align: center;\"><iframe loading=\"lazy\" src=\"\/\/www.youtube.com\/embed\/pb3jgVDzClI?rel=0\" width=\"560\" height=\"315\" frameborder=\"0\" allowfullscreen=\"allowfullscreen\"><\/iframe><\/p>\n<p style=\"text-align: left;\"><strong>Texte de Ferrito Robert<\/strong> :\u00a0\u00bb <em>Les \u00ab\u00a0Caseddi\u00a0\u00bb sont situ\u00e9s sur le plateau de Bitalza&nbsp; Il y en a 62 sur un plateau de 32 ha qui est priv\u00e9 , appartenant \u00e0 l&rsquo;origine \u00e0 des familles de Borivoli et Vacca et maintenant \u00e0 leurs descendants ! s&rsquo;il est vrai que certains sont en ruine , ils ont tous des propri\u00e9taires , et la plupart sont restaur\u00e9s et occup\u00e9s tr\u00e8s souvent hiver (le week-end )comme \u00e9t\u00e9 (pour des s\u00e9jours plus longs !) Ils ne sont ni \u00e0 <a href=\"https:\/\/www.locationencorse.eu\/\">louer<\/a> , ni \u00e0 vendre ! Nous veillons \u00e0 ce que ce lieu reste \u00ab\u00a0sauvage\u00a0\u00bb . Les bergeries sont les enclos ou l&rsquo;on met les b\u00eates , les Caseddi sont des maisonnettes anciennes \u00e0 l&rsquo;int\u00e9rieur desquelles les bergers ( et ceux qui ne l&rsquo;\u00e9taient pas ) r\u00e9sidaient.c&rsquo;est un plateau qui a \u00e9t\u00e9 attribu\u00e9 par la Cour Imp\u00e9riale de Bastia en 1836 , \u00e0 des familles qui ont pu faire la preuve \u00e0 l&rsquo;\u00e9poque d&rsquo;une occupation trentenaire ! depuis ces caseddi et ce plateau sont transmis \u00e0 leurs h\u00e9ritiers ! Ce plateau se compose de 4 quartiers et une fontaine ! il est accessible par une piste de 7km mais avec interdiction ensuite de laisser les voitures sur le plateau ou devant les maisonnettes . Pour prot\u00e9ger ce lieu , d&rsquo;o\u00f9 on a une vue incomparable sur le d\u00e9troit de Bonifacio et la Sardaigne , nous avons cr\u00e9es une Association de sauvegarde et une charte de protection ! C&rsquo;est pratiquement le dernier lieu habit\u00e9 encore \u00ab\u00a0sauvage \u00a0\u00bb volontairement !!!\u00a0\u00bb<\/em><\/p>\n<p style=\"text-align: center;\"><iframe loading=\"lazy\" src=\"\/\/www.youtube.com\/embed\/aKlwFRQ5NmU?rel=0\" width=\"560\" height=\"315\" frameborder=\"0\" allowfullscreen=\"allowfullscreen\"><\/iframe><\/p>\n<p style=\"text-align: left;\">la Restonica,&nbsp;&nbsp;a visiter si vous allez \u00e0 Corte. la route est sinueuse et \u00e9troite mais tellement typique. Vous rencontrerez certainement des vaches en libert\u00e9.<\/p>\n<p style=\"text-align: center;\"><iframe loading=\"lazy\" src=\"\/\/www.youtube.com\/embed\/VPvatHGNY84?rel=0\" width=\"640\" height=\"480\" frameborder=\"0\" allowfullscreen=\"allowfullscreen\"><\/iframe><\/p>\n<p style=\"text-align: left;\">Le ch\u00e2teau d&rsquo;Algajola, visite incontournable du village&nbsp;si vous \u00eates en <strong>vacances en corse<\/strong>. Ce village poss\u00e8de un ch\u00e2teau fort pied dans l&rsquo;eau.<\/p>\n<p style=\"text-align: center;\"><iframe loading=\"lazy\" src=\"\/\/www.youtube.com\/embed\/zVBALZbL4lQ?rel=0\" width=\"640\" height=\"480\" frameborder=\"0\" allowfullscreen=\"allowfullscreen\"><\/iframe><\/p>\n<p style=\"text-align: left;\">En Balagne, beaut\u00e9 sauvage pour vos randonn\u00e9es, la pointe de <a title=\"Randonn\u00e9e p\u00e9destre : la Revellata\" href=\"http:\/\/www.locationencorse.eu\/blog\/randonnee-pedestre-revellata\/\" target=\"_blank\" rel=\"noopener\"><strong>la Revellata<\/strong><\/a>. Elle est situ\u00e9e sur la route de Gal\u00e9ria, \u00e0 quelques kilom\u00e8tres de Calvi.<\/p>\n<p style=\"text-align: center;\"><iframe loading=\"lazy\" src=\"\/\/www.youtube.com\/embed\/oFkUSs64nsE?rel=0\" width=\"640\" height=\"480\" frameborder=\"0\" allowfullscreen=\"allowfullscreen\"><\/iframe><\/p>\n<p style=\"text-align: left;\">Erbalunga, village de p\u00eacheurs dans le Cap Corse:<\/p>\n<p style=\"text-align: center;\"><iframe loading=\"lazy\" src=\"\/\/www.youtube.com\/embed\/a9iqFbcYqJQ?rel=0\" width=\"640\" height=\"480\" frameborder=\"0\" allowfullscreen=\"allowfullscreen\"><\/iframe><\/p>\n<!-- AddThis Advanced Settings generic via filter on the_content --><!-- AddThis Share Buttons generic via filter on the_content -->","protected":false},"excerpt":{"rendered":"<p>Video de Roger Colombani Pendant des si\u00e8cles le destin de la CORSE \u00e9tait li\u00e9 a cette terre PARADIS entre MONTAGNE et MER ,l&rsquo;homme a tent\u00e9 de maintenir ces territoires morcel\u00e9s ,Converti en guide pour toute activit\u00e9s pour le tourisme tout &hellip; <a href=\"https:\/\/www.locationencorse.eu\/blog\/belles-videos-corse\/\">Continuer la lecture <span class=\"meta-nav\">&rarr;<\/span><\/a><!-- AddThis Advanced Settings generic via filter on get_the_excerpt --><!-- AddThis Share Buttons generic via filter on get_the_excerpt --><\/p>\n","protected":false},"author":2,"featured_media":0,"parent":0,"menu_order":0,"comment_status":"open","ping_status":"open","template":"","meta":{"_mi_skip_tracking":false,"_monsterinsights_sitenote_active":false,"_monsterinsights_sitenote_note":"","_monsterinsights_sitenote_category":0,"ngg_post_thumbnail":0,"footnotes":""},"yoast_head":"<!-- This site is optimized with the Yoast SEO plugin v21.1 - https:\/\/yoast.com\/wordpress\/plugins\/seo\/ -->\n<title>Belles vid\u00e9os sur la Corse littoral et montagne en Corse<\/title>\n<meta name=\"description\" content=\"Belles vid\u00e9os sur la Corse avec des films sur le littoral et les montagnes en centre Corse. Vid\u00e9os sur la foret de la restonica, la Balagne, le Cap Corse.\" \/>\n<meta name=\"robots\" content=\"index, follow, max-snippet:-1, max-image-preview:large, max-video-preview:-1\" \/>\n<link rel=\"canonical\" href=\"https:\/\/www.locationencorse.eu\/blog\/belles-videos-corse\/\" \/>\n<meta property=\"og:locale\" content=\"fr_FR\" \/>\n<meta property=\"og:type\" content=\"article\" \/>\n<meta property=\"og:title\" content=\"Belles vid\u00e9os sur la Corse littoral et montagne en Corse\" \/>\n<meta property=\"og:description\" content=\"Belles vid\u00e9os sur la Corse avec des films sur le littoral et les montagnes en centre Corse. Vid\u00e9os sur la foret de la restonica, la Balagne, le Cap Corse.\" \/>\n<meta property=\"og:url\" content=\"https:\/\/www.locationencorse.eu\/blog\/belles-videos-corse\/\" \/>\n<meta property=\"og:site_name\" content=\"La Corse\" \/>\n<meta property=\"article:modified_time\" content=\"2020-02-24T20:16:01+00:00\" \/>\n<meta name=\"twitter:label1\" content=\"Dur\u00e9e de lecture estim\u00e9e\" \/>\n\t<meta name=\"twitter:data1\" content=\"2 minutes\" \/>\n<script type=\"application\/ld+json\" class=\"yoast-schema-graph\">{\"@context\":\"https:\/\/schema.org\",\"@graph\":[{\"@type\":\"WebPage\",\"@id\":\"https:\/\/www.locationencorse.eu\/blog\/belles-videos-corse\/\",\"url\":\"https:\/\/www.locationencorse.eu\/blog\/belles-videos-corse\/\",\"name\":\"Belles vid\u00e9os sur la Corse littoral et montagne en Corse\",\"isPartOf\":{\"@id\":\"https:\/\/www.locationencorse.eu\/blog\/#website\"},\"datePublished\":\"2014-03-26T09:26:31+00:00\",\"dateModified\":\"2020-02-24T20:16:01+00:00\",\"description\":\"Belles vid\u00e9os sur la Corse avec des films sur le littoral et les montagnes en centre Corse. Vid\u00e9os sur la foret de la restonica, la Balagne, le Cap Corse.\",\"breadcrumb\":{\"@id\":\"https:\/\/www.locationencorse.eu\/blog\/belles-videos-corse\/#breadcrumb\"},\"inLanguage\":\"fr-FR\",\"potentialAction\":[{\"@type\":\"ReadAction\",\"target\":[\"https:\/\/www.locationencorse.eu\/blog\/belles-videos-corse\/\"]}]},{\"@type\":\"BreadcrumbList\",\"@id\":\"https:\/\/www.locationencorse.eu\/blog\/belles-videos-corse\/#breadcrumb\",\"itemListElement\":[{\"@type\":\"ListItem\",\"position\":1,\"name\":\"Accueil\",\"item\":\"https:\/\/www.locationencorse.eu\/blog\/\"},{\"@type\":\"ListItem\",\"position\":2,\"name\":\"Belles videos sur la Corse\"}]},{\"@type\":\"WebSite\",\"@id\":\"https:\/\/www.locationencorse.eu\/blog\/#website\",\"url\":\"https:\/\/www.locationencorse.eu\/blog\/\",\"name\":\"La Corse\",\"description\":\"Vacances en Corse sur \u00cele de beaut\u00e9\",\"potentialAction\":[{\"@type\":\"SearchAction\",\"target\":{\"@type\":\"EntryPoint\",\"urlTemplate\":\"https:\/\/www.locationencorse.eu\/blog\/?s={search_term_string}\"},\"query-input\":\"required name=search_term_string\"}],\"inLanguage\":\"fr-FR\"}]}<\/script>\n<!-- \/ Yoast SEO plugin. -->","yoast_head_json":{"title":"Belles vid\u00e9os sur la Corse littoral et montagne en Corse","description":"Belles vid\u00e9os sur la Corse avec des films sur le littoral et les montagnes en centre Corse. Vid\u00e9os sur la foret de la restonica, la Balagne, le Cap Corse.","robots":{"index":"index","follow":"follow","max-snippet":"max-snippet:-1","max-image-preview":"max-image-preview:large","max-video-preview":"max-video-preview:-1"},"canonical":"https:\/\/www.locationencorse.eu\/blog\/belles-videos-corse\/","og_locale":"fr_FR","og_type":"article","og_title":"Belles vid\u00e9os sur la Corse littoral et montagne en Corse","og_description":"Belles vid\u00e9os sur la Corse avec des films sur le littoral et les montagnes en centre Corse. Vid\u00e9os sur la foret de la restonica, la Balagne, le Cap Corse.","og_url":"https:\/\/www.locationencorse.eu\/blog\/belles-videos-corse\/","og_site_name":"La Corse","article_modified_time":"2020-02-24T20:16:01+00:00","twitter_misc":{"Dur\u00e9e de lecture estim\u00e9e":"2 minutes"},"schema":{"@context":"https:\/\/schema.org","@graph":[{"@type":"WebPage","@id":"https:\/\/www.locationencorse.eu\/blog\/belles-videos-corse\/","url":"https:\/\/www.locationencorse.eu\/blog\/belles-videos-corse\/","name":"Belles vid\u00e9os sur la Corse littoral et montagne en Corse","isPartOf":{"@id":"https:\/\/www.locationencorse.eu\/blog\/#website"},"datePublished":"2014-03-26T09:26:31+00:00","dateModified":"2020-02-24T20:16:01+00:00","description":"Belles vid\u00e9os sur la Corse avec des films sur le littoral et les montagnes en centre Corse. Vid\u00e9os sur la foret de la restonica, la Balagne, le Cap Corse.","breadcrumb":{"@id":"https:\/\/www.locationencorse.eu\/blog\/belles-videos-corse\/#breadcrumb"},"inLanguage":"fr-FR","potentialAction":[{"@type":"ReadAction","target":["https:\/\/www.locationencorse.eu\/blog\/belles-videos-corse\/"]}]},{"@type":"BreadcrumbList","@id":"https:\/\/www.locationencorse.eu\/blog\/belles-videos-corse\/#breadcrumb","itemListElement":[{"@type":"ListItem","position":1,"name":"Accueil","item":"https:\/\/www.locationencorse.eu\/blog\/"},{"@type":"ListItem","position":2,"name":"Belles videos sur la Corse"}]},{"@type":"WebSite","@id":"https:\/\/www.locationencorse.eu\/blog\/#website","url":"https:\/\/www.locationencorse.eu\/blog\/","name":"La Corse","description":"Vacances en Corse sur \u00cele de beaut\u00e9","potentialAction":[{"@type":"SearchAction","target":{"@type":"EntryPoint","urlTemplate":"https:\/\/www.locationencorse.eu\/blog\/?s={search_term_string}"},"query-input":"required name=search_term_string"}],"inLanguage":"fr-FR"}]}},"_links":{"self":[{"href":"https:\/\/www.locationencorse.eu\/blog\/wp-json\/wp\/v2\/pages\/3308"}],"collection":[{"href":"https:\/\/www.locationencorse.eu\/blog\/wp-json\/wp\/v2\/pages"}],"about":[{"href":"https:\/\/www.locationencorse.eu\/blog\/wp-json\/wp\/v2\/types\/page"}],"author":[{"embeddable":true,"href":"https:\/\/www.locationencorse.eu\/blog\/wp-json\/wp\/v2\/users\/2"}],"replies":[{"embeddable":true,"href":"https:\/\/www.locationencorse.eu\/blog\/wp-json\/wp\/v2\/comments?post=3308"}],"version-history":[{"count":20,"href":"https:\/\/www.locationencorse.eu\/blog\/wp-json\/wp\/v2\/pages\/3308\/revisions"}],"predecessor-version":[{"id":7328,"href":"https:\/\/www.locationencorse.eu\/blog\/wp-json\/wp\/v2\/pages\/3308\/revisions\/7328"}],"wp:attachment":[{"href":"https:\/\/www.locationencorse.eu\/blog\/wp-json\/wp\/v2\/media?parent=3308"}],"curies":[{"name":"wp","href":"https:\/\/api.w.org\/{rel}","templated":true}]}}