{"id":3247,"date":"2014-03-25T11:35:30","date_gmt":"2014-03-25T10:35:30","guid":{"rendered":"http:\/\/www.locationencorse.eu\/blog\/?page_id=3247"},"modified":"2020-02-24T21:23:57","modified_gmt":"2020-02-24T20:23:57","slug":"rues-en-ruelles-en-corse","status":"publish","type":"page","link":"https:\/\/www.locationencorse.eu\/blog\/rues-en-ruelles-en-corse\/","title":{"rendered":"De rues en ruelles en Corse"},"content":{"rendered":"<p>Les rues et ruelles dans les villages pittoresques en Corse sont pleines de nuances et de charmes. De pierres s\u00e8ches et de fleurs, elles semblent fig\u00e9es dans un temps qui ne fait pas partie du r\u00e9el. Arcades perrons, toits de lauze, murs au torchis, elles s\u2019ouvrent sur un morceau de ciel ou sur une autre ruelle. Elles guettent le peintre, le photographe, le po\u00e8te. Elles semblent toujours cacher quelques choses. Elles jouent avec les ombres et les lumi\u00e8res. Elles sont si diff\u00e9rentes de ses grandes s\u0153urs citadines. On a envie de s&rsquo;y poser, de s&rsquo;y arr\u00eater, de &nbsp;trouver une terrasse de bar dans la ruelle voisine pour y boire un caf\u00e9 \u00e0 l&rsquo;ombre d&rsquo;un platane ou d&rsquo;un palmier. On se dit que c&rsquo;est aussi que c&rsquo;est beau une ruelle la nuit!<\/p>\n<p>Un lieu de <a href=\"https:\/\/www.locationencorse.eu\/\">vacances<\/a> est une terre d\u2019accueil o\u00f9 nous sommes des invit\u00e9s. Voyager, visiter la Corse, c\u2019est prendre le temps d\u2019\u00e9changer avec ceux qui nous accueillent sur leur sol.<\/p>\n<p><strong><span style=\"color: #008000;\">Cap Corse<\/span><\/strong><\/p>\n<div id='gallery-1' class='gallery galleryid-3247 gallery-columns-5 gallery-size-thumbnail'><dl class='gallery-item'>\n\t\t\t<dt class='gallery-icon landscape'>\n\t\t\t\t<a href='https:\/\/www.locationencorse.eu\/blog\/wp-content\/uploads\/2014\/03\/bastia2x.jpg' title=\"\" data-rl_title=\"\" class=\"rl-gallery-link\" data-rl_caption=\"\" data-rel=\"lightbox-gallery-1\"><img width=\"150\" height=\"150\" src=\"https:\/\/www.locationencorse.eu\/blog\/wp-content\/uploads\/2014\/03\/bastia2x-150x150.jpg\" class=\"attachment-thumbnail size-thumbnail\" alt=\"\" decoding=\"async\" aria-describedby=\"gallery-1-3265\" loading=\"lazy\" \/><\/a>\n\t\t\t<\/dt>\n\t\t\t\t<dd class='wp-caption-text gallery-caption' id='gallery-1-3265'>\n\t\t\t\truelle a bastia\n\t\t\t\t<\/dd><\/dl><dl class='gallery-item'>\n\t\t\t<dt class='gallery-icon landscape'>\n\t\t\t\t<a href='https:\/\/www.locationencorse.eu\/blog\/wp-content\/uploads\/2014\/03\/cap-corse.jpg' title=\"\" data-rl_title=\"\" class=\"rl-gallery-link\" data-rl_caption=\"\" data-rel=\"lightbox-gallery-1\"><img width=\"150\" height=\"150\" src=\"https:\/\/www.locationencorse.eu\/blog\/wp-content\/uploads\/2014\/03\/cap-corse-150x150.jpg\" class=\"attachment-thumbnail size-thumbnail\" alt=\"\" decoding=\"async\" aria-describedby=\"gallery-1-3277\" loading=\"lazy\" \/><\/a>\n\t\t\t<\/dt>\n\t\t\t\t<dd class='wp-caption-text gallery-caption' id='gallery-1-3277'>\n\t\t\t\tCap corse\n\t\t\t\t<\/dd><\/dl><dl class='gallery-item'>\n\t\t\t<dt class='gallery-icon landscape'>\n\t\t\t\t<a href='https:\/\/www.locationencorse.eu\/blog\/wp-content\/uploads\/2014\/03\/cap.jpg' title=\"\" data-rl_title=\"\" class=\"rl-gallery-link\" data-rl_caption=\"\" data-rel=\"lightbox-gallery-1\"><img width=\"150\" height=\"150\" src=\"https:\/\/www.locationencorse.eu\/blog\/wp-content\/uploads\/2014\/03\/cap-150x150.jpg\" class=\"attachment-thumbnail size-thumbnail\" alt=\"\" decoding=\"async\" aria-describedby=\"gallery-1-3278\" loading=\"lazy\" \/><\/a>\n\t\t\t<\/dt>\n\t\t\t\t<dd class='wp-caption-text gallery-caption' id='gallery-1-3278'>\n\t\t\t\truelle cap corse\n\t\t\t\t<\/dd><\/dl><dl class='gallery-item'>\n\t\t\t<dt class='gallery-icon landscape'>\n\t\t\t\t<a href='https:\/\/www.locationencorse.eu\/blog\/wp-content\/uploads\/2014\/03\/saint-florentx.jpg' title=\"\" data-rl_title=\"\" class=\"rl-gallery-link\" data-rl_caption=\"\" data-rel=\"lightbox-gallery-1\"><img width=\"150\" height=\"150\" src=\"https:\/\/www.locationencorse.eu\/blog\/wp-content\/uploads\/2014\/03\/saint-florentx-150x150.jpg\" class=\"attachment-thumbnail size-thumbnail\" alt=\"\" decoding=\"async\" aria-describedby=\"gallery-1-3271\" loading=\"lazy\" \/><\/a>\n\t\t\t<\/dt>\n\t\t\t\t<dd class='wp-caption-text gallery-caption' id='gallery-1-3271'>\n\t\t\t\truelle a saint florent\n\t\t\t\t<\/dd><\/dl><dl class='gallery-item'>\n\t\t\t<dt class='gallery-icon landscape'>\n\t\t\t\t<a href='https:\/\/www.locationencorse.eu\/blog\/wp-content\/uploads\/2014\/03\/bastia.jpg' title=\"\" data-rl_title=\"\" class=\"rl-gallery-link\" data-rl_caption=\"\" data-rel=\"lightbox-gallery-1\"><img width=\"150\" height=\"150\" src=\"https:\/\/www.locationencorse.eu\/blog\/wp-content\/uploads\/2014\/03\/bastia-150x150.jpg\" class=\"attachment-thumbnail size-thumbnail\" alt=\"\" decoding=\"async\" aria-describedby=\"gallery-1-3264\" loading=\"lazy\" \/><\/a>\n\t\t\t<\/dt>\n\t\t\t\t<dd class='wp-caption-text gallery-caption' id='gallery-1-3264'>\n\t\t\t\truelle a Bastia\n\t\t\t\t<\/dd><\/dl><br style=\"clear: both\" \/><dl class='gallery-item'>\n\t\t\t<dt class='gallery-icon landscape'>\n\t\t\t\t<a href='https:\/\/www.locationencorse.eu\/blog\/wp-content\/uploads\/2014\/03\/ersax.jpg' title=\"\" data-rl_title=\"\" class=\"rl-gallery-link\" data-rl_caption=\"\" data-rel=\"lightbox-gallery-1\"><img width=\"150\" height=\"150\" src=\"https:\/\/www.locationencorse.eu\/blog\/wp-content\/uploads\/2014\/03\/ersax-150x150.jpg\" class=\"attachment-thumbnail size-thumbnail\" alt=\"\" decoding=\"async\" aria-describedby=\"gallery-1-3279\" loading=\"lazy\" \/><\/a>\n\t\t\t<\/dt>\n\t\t\t\t<dd class='wp-caption-text gallery-caption' id='gallery-1-3279'>\n\t\t\t\tErsa dans le cap corse\n\t\t\t\t<\/dd><\/dl><dl class='gallery-item'>\n\t\t\t<dt class='gallery-icon landscape'>\n\t\t\t\t<a href='https:\/\/www.locationencorse.eu\/blog\/wp-content\/uploads\/2014\/03\/IMG_5338x.jpg' title=\"\" data-rl_title=\"\" class=\"rl-gallery-link\" data-rl_caption=\"\" data-rel=\"lightbox-gallery-1\"><img width=\"150\" height=\"150\" src=\"https:\/\/www.locationencorse.eu\/blog\/wp-content\/uploads\/2014\/03\/IMG_5338x-150x150.jpg\" class=\"attachment-thumbnail size-thumbnail\" alt=\"\" decoding=\"async\" aria-describedby=\"gallery-1-3268\" loading=\"lazy\" \/><\/a>\n\t\t\t<\/dt>\n\t\t\t\t<dd class='wp-caption-text gallery-caption' id='gallery-1-3268'>\n\t\t\t\tBastia\n\t\t\t\t<\/dd><\/dl>\n\t\t\t<br style='clear: both' \/>\n\t\t<\/div>\n\n<p><strong>&nbsp;<span style=\"color: #008000;\">La Balagne<\/span><\/strong><\/p>\n<div id='gallery-2' class='gallery galleryid-3247 gallery-columns-5 gallery-size-thumbnail'><dl class='gallery-item'>\n\t\t\t<dt class='gallery-icon landscape'>\n\t\t\t\t<a href='https:\/\/www.locationencorse.eu\/blog\/wp-content\/uploads\/2014\/03\/san-antonino.jpg' title=\"\" data-rl_title=\"\" class=\"rl-gallery-link\" data-rl_caption=\"\" data-rel=\"lightbox-gallery-2\"><img width=\"150\" height=\"150\" src=\"https:\/\/www.locationencorse.eu\/blog\/wp-content\/uploads\/2014\/03\/san-antonino-150x150.jpg\" class=\"attachment-thumbnail size-thumbnail\" alt=\"\" decoding=\"async\" aria-describedby=\"gallery-2-3290\" loading=\"lazy\" \/><\/a>\n\t\t\t<\/dt>\n\t\t\t\t<dd class='wp-caption-text gallery-caption' id='gallery-2-3290'>\n\t\t\t\tSan antonino\n\t\t\t\t<\/dd><\/dl><dl class='gallery-item'>\n\t\t\t<dt class='gallery-icon landscape'>\n\t\t\t\t<a href='https:\/\/www.locationencorse.eu\/blog\/wp-content\/uploads\/2014\/03\/monticello1.jpg' title=\"\" data-rl_title=\"\" class=\"rl-gallery-link\" data-rl_caption=\"\" data-rel=\"lightbox-gallery-2\"><img width=\"150\" height=\"150\" src=\"https:\/\/www.locationencorse.eu\/blog\/wp-content\/uploads\/2014\/03\/monticello1-150x150.jpg\" class=\"attachment-thumbnail size-thumbnail\" alt=\"\" decoding=\"async\" aria-describedby=\"gallery-2-3289\" loading=\"lazy\" \/><\/a>\n\t\t\t<\/dt>\n\t\t\t\t<dd class='wp-caption-text gallery-caption' id='gallery-2-3289'>\n\t\t\t\tMonticello\n\t\t\t\t<\/dd><\/dl><dl class='gallery-item'>\n\t\t\t<dt class='gallery-icon landscape'>\n\t\t\t\t<a href='https:\/\/www.locationencorse.eu\/blog\/wp-content\/uploads\/2014\/03\/Balagne-8.jpg' title=\"\" data-rl_title=\"\" class=\"rl-gallery-link\" data-rl_caption=\"\" data-rel=\"lightbox-gallery-2\"><img width=\"150\" height=\"150\" src=\"https:\/\/www.locationencorse.eu\/blog\/wp-content\/uploads\/2014\/03\/Balagne-8-150x150.jpg\" class=\"attachment-thumbnail size-thumbnail\" alt=\"\" decoding=\"async\" aria-describedby=\"gallery-2-3286\" loading=\"lazy\" \/><\/a>\n\t\t\t<\/dt>\n\t\t\t\t<dd class='wp-caption-text gallery-caption' id='gallery-2-3286'>\n\t\t\t\truelle en balagne\n\t\t\t\t<\/dd><\/dl><dl class='gallery-item'>\n\t\t\t<dt class='gallery-icon portrait'>\n\t\t\t\t<a href='https:\/\/www.locationencorse.eu\/blog\/wp-content\/uploads\/2014\/03\/calvi-par-philippe-lagain.jpg' title=\"\" data-rl_title=\"\" class=\"rl-gallery-link\" data-rl_caption=\"\" data-rel=\"lightbox-gallery-2\"><img width=\"150\" height=\"150\" src=\"https:\/\/www.locationencorse.eu\/blog\/wp-content\/uploads\/2014\/03\/calvi-par-philippe-lagain-150x150.jpg\" class=\"attachment-thumbnail size-thumbnail\" alt=\"\" decoding=\"async\" aria-describedby=\"gallery-2-3287\" loading=\"lazy\" \/><\/a>\n\t\t\t<\/dt>\n\t\t\t\t<dd class='wp-caption-text gallery-caption' id='gallery-2-3287'>\n\t\t\t\tphoto de Philippe Lagain -Calvi\n\t\t\t\t<\/dd><\/dl><dl class='gallery-item'>\n\t\t\t<dt class='gallery-icon landscape'>\n\t\t\t\t<a href='https:\/\/www.locationencorse.eu\/blog\/wp-content\/uploads\/2014\/03\/costa-balagne.jpg' title=\"\" data-rl_title=\"\" class=\"rl-gallery-link\" data-rl_caption=\"\" data-rel=\"lightbox-gallery-2\"><img width=\"150\" height=\"150\" src=\"https:\/\/www.locationencorse.eu\/blog\/wp-content\/uploads\/2014\/03\/costa-balagne-150x150.jpg\" class=\"attachment-thumbnail size-thumbnail\" alt=\"\" decoding=\"async\" aria-describedby=\"gallery-2-3288\" loading=\"lazy\" \/><\/a>\n\t\t\t<\/dt>\n\t\t\t\t<dd class='wp-caption-text gallery-caption' id='gallery-2-3288'>\n\t\t\t\tCOSTA EN BALAGNE\n\t\t\t\t<\/dd><\/dl><br style=\"clear: both\" \/><dl class='gallery-item'>\n\t\t\t<dt class='gallery-icon portrait'>\n\t\t\t\t<a href='https:\/\/www.locationencorse.eu\/blog\/wp-content\/uploads\/2014\/03\/santa-reparata.jpg' title=\"\" data-rl_title=\"\" class=\"rl-gallery-link\" data-rl_caption=\"\" data-rel=\"lightbox-gallery-2\"><img width=\"150\" height=\"150\" src=\"https:\/\/www.locationencorse.eu\/blog\/wp-content\/uploads\/2014\/03\/santa-reparata-150x150.jpg\" class=\"attachment-thumbnail size-thumbnail\" alt=\"\" decoding=\"async\" aria-describedby=\"gallery-2-3291\" loading=\"lazy\" \/><\/a>\n\t\t\t<\/dt>\n\t\t\t\t<dd class='wp-caption-text gallery-caption' id='gallery-2-3291'>\n\t\t\t\tSanta Reparata\n\t\t\t\t<\/dd><\/dl>\n\t\t\t<br style='clear: both' \/>\n\t\t<\/div>\n\n<p>&nbsp;<\/p>\n<p>&nbsp;<\/p>\n<!-- AddThis Advanced Settings generic via filter on the_content --><!-- AddThis Share Buttons generic via filter on the_content -->","protected":false},"excerpt":{"rendered":"<p>Les rues et ruelles dans les villages pittoresques en Corse sont pleines de nuances et de charmes. De pierres s\u00e8ches et de fleurs, elles semblent fig\u00e9es dans un temps qui ne fait pas partie du r\u00e9el. Arcades perrons, toits de &hellip; <a href=\"https:\/\/www.locationencorse.eu\/blog\/rues-en-ruelles-en-corse\/\">Continuer la lecture <span class=\"meta-nav\">&rarr;<\/span><\/a><!-- AddThis Advanced Settings generic via filter on get_the_excerpt --><!-- AddThis Share Buttons generic via filter on get_the_excerpt --><\/p>\n","protected":false},"author":2,"featured_media":0,"parent":0,"menu_order":0,"comment_status":"open","ping_status":"open","template":"","meta":{"_mi_skip_tracking":false,"_monsterinsights_sitenote_active":false,"_monsterinsights_sitenote_note":"","_monsterinsights_sitenote_category":0,"ngg_post_thumbnail":0,"footnotes":""},"yoast_head":"<!-- This site is optimized with the Yoast SEO plugin v21.1 - https:\/\/yoast.com\/wordpress\/plugins\/seo\/ -->\n<title>De rues en ruelles dans les villages pittoresques en Corse<\/title>\n<meta name=\"description\" content=\"Les rues et ruelles dans les villages pittoresques en Corse sont pleines de nuances et de charmes. De pierres s\u00e8ches et de fleurs,\" \/>\n<meta name=\"robots\" content=\"index, follow, max-snippet:-1, max-image-preview:large, max-video-preview:-1\" \/>\n<link rel=\"canonical\" href=\"https:\/\/www.locationencorse.eu\/blog\/rues-en-ruelles-en-corse\/\" \/>\n<meta property=\"og:locale\" content=\"fr_FR\" \/>\n<meta property=\"og:type\" content=\"article\" \/>\n<meta property=\"og:title\" content=\"De rues en ruelles dans les villages pittoresques en Corse\" \/>\n<meta property=\"og:description\" content=\"Les rues et ruelles dans les villages pittoresques en Corse sont pleines de nuances et de charmes. De pierres s\u00e8ches et de fleurs,\" \/>\n<meta property=\"og:url\" content=\"https:\/\/www.locationencorse.eu\/blog\/rues-en-ruelles-en-corse\/\" \/>\n<meta property=\"og:site_name\" content=\"La Corse\" \/>\n<meta property=\"article:modified_time\" content=\"2020-02-24T20:23:57+00:00\" \/>\n<meta property=\"og:image\" content=\"https:\/\/www.locationencorse.eu\/blog\/wp-content\/uploads\/2014\/03\/ersax-150x150.jpg\" \/>\n<meta name=\"twitter:label1\" content=\"Dur\u00e9e de lecture estim\u00e9e\" \/>\n\t<meta name=\"twitter:data1\" content=\"1 minute\" \/>\n<script type=\"application\/ld+json\" class=\"yoast-schema-graph\">{\"@context\":\"https:\/\/schema.org\",\"@graph\":[{\"@type\":\"WebPage\",\"@id\":\"https:\/\/www.locationencorse.eu\/blog\/rues-en-ruelles-en-corse\/\",\"url\":\"https:\/\/www.locationencorse.eu\/blog\/rues-en-ruelles-en-corse\/\",\"name\":\"De rues en ruelles dans les villages pittoresques en Corse\",\"isPartOf\":{\"@id\":\"https:\/\/www.locationencorse.eu\/blog\/#website\"},\"datePublished\":\"2014-03-25T10:35:30+00:00\",\"dateModified\":\"2020-02-24T20:23:57+00:00\",\"description\":\"Les rues et ruelles dans les villages pittoresques en Corse sont pleines de nuances et de charmes. De pierres s\u00e8ches et de fleurs,\",\"breadcrumb\":{\"@id\":\"https:\/\/www.locationencorse.eu\/blog\/rues-en-ruelles-en-corse\/#breadcrumb\"},\"inLanguage\":\"fr-FR\",\"potentialAction\":[{\"@type\":\"ReadAction\",\"target\":[\"https:\/\/www.locationencorse.eu\/blog\/rues-en-ruelles-en-corse\/\"]}]},{\"@type\":\"BreadcrumbList\",\"@id\":\"https:\/\/www.locationencorse.eu\/blog\/rues-en-ruelles-en-corse\/#breadcrumb\",\"itemListElement\":[{\"@type\":\"ListItem\",\"position\":1,\"name\":\"Accueil\",\"item\":\"https:\/\/www.locationencorse.eu\/blog\/\"},{\"@type\":\"ListItem\",\"position\":2,\"name\":\"De rues en ruelles en Corse\"}]},{\"@type\":\"WebSite\",\"@id\":\"https:\/\/www.locationencorse.eu\/blog\/#website\",\"url\":\"https:\/\/www.locationencorse.eu\/blog\/\",\"name\":\"La Corse\",\"description\":\"Vacances en Corse sur \u00cele de beaut\u00e9\",\"potentialAction\":[{\"@type\":\"SearchAction\",\"target\":{\"@type\":\"EntryPoint\",\"urlTemplate\":\"https:\/\/www.locationencorse.eu\/blog\/?s={search_term_string}\"},\"query-input\":\"required name=search_term_string\"}],\"inLanguage\":\"fr-FR\"}]}<\/script>\n<!-- \/ Yoast SEO plugin. -->","yoast_head_json":{"title":"De rues en ruelles dans les villages pittoresques en Corse","description":"Les rues et ruelles dans les villages pittoresques en Corse sont pleines de nuances et de charmes. De pierres s\u00e8ches et de fleurs,","robots":{"index":"index","follow":"follow","max-snippet":"max-snippet:-1","max-image-preview":"max-image-preview:large","max-video-preview":"max-video-preview:-1"},"canonical":"https:\/\/www.locationencorse.eu\/blog\/rues-en-ruelles-en-corse\/","og_locale":"fr_FR","og_type":"article","og_title":"De rues en ruelles dans les villages pittoresques en Corse","og_description":"Les rues et ruelles dans les villages pittoresques en Corse sont pleines de nuances et de charmes. De pierres s\u00e8ches et de fleurs,","og_url":"https:\/\/www.locationencorse.eu\/blog\/rues-en-ruelles-en-corse\/","og_site_name":"La Corse","article_modified_time":"2020-02-24T20:23:57+00:00","og_image":[{"url":"https:\/\/www.locationencorse.eu\/blog\/wp-content\/uploads\/2014\/03\/ersax-150x150.jpg"}],"twitter_misc":{"Dur\u00e9e de lecture estim\u00e9e":"1 minute"},"schema":{"@context":"https:\/\/schema.org","@graph":[{"@type":"WebPage","@id":"https:\/\/www.locationencorse.eu\/blog\/rues-en-ruelles-en-corse\/","url":"https:\/\/www.locationencorse.eu\/blog\/rues-en-ruelles-en-corse\/","name":"De rues en ruelles dans les villages pittoresques en Corse","isPartOf":{"@id":"https:\/\/www.locationencorse.eu\/blog\/#website"},"datePublished":"2014-03-25T10:35:30+00:00","dateModified":"2020-02-24T20:23:57+00:00","description":"Les rues et ruelles dans les villages pittoresques en Corse sont pleines de nuances et de charmes. De pierres s\u00e8ches et de fleurs,","breadcrumb":{"@id":"https:\/\/www.locationencorse.eu\/blog\/rues-en-ruelles-en-corse\/#breadcrumb"},"inLanguage":"fr-FR","potentialAction":[{"@type":"ReadAction","target":["https:\/\/www.locationencorse.eu\/blog\/rues-en-ruelles-en-corse\/"]}]},{"@type":"BreadcrumbList","@id":"https:\/\/www.locationencorse.eu\/blog\/rues-en-ruelles-en-corse\/#breadcrumb","itemListElement":[{"@type":"ListItem","position":1,"name":"Accueil","item":"https:\/\/www.locationencorse.eu\/blog\/"},{"@type":"ListItem","position":2,"name":"De rues en ruelles en Corse"}]},{"@type":"WebSite","@id":"https:\/\/www.locationencorse.eu\/blog\/#website","url":"https:\/\/www.locationencorse.eu\/blog\/","name":"La Corse","description":"Vacances en Corse sur \u00cele de beaut\u00e9","potentialAction":[{"@type":"SearchAction","target":{"@type":"EntryPoint","urlTemplate":"https:\/\/www.locationencorse.eu\/blog\/?s={search_term_string}"},"query-input":"required name=search_term_string"}],"inLanguage":"fr-FR"}]}},"_links":{"self":[{"href":"https:\/\/www.locationencorse.eu\/blog\/wp-json\/wp\/v2\/pages\/3247"}],"collection":[{"href":"https:\/\/www.locationencorse.eu\/blog\/wp-json\/wp\/v2\/pages"}],"about":[{"href":"https:\/\/www.locationencorse.eu\/blog\/wp-json\/wp\/v2\/types\/page"}],"author":[{"embeddable":true,"href":"https:\/\/www.locationencorse.eu\/blog\/wp-json\/wp\/v2\/users\/2"}],"replies":[{"embeddable":true,"href":"https:\/\/www.locationencorse.eu\/blog\/wp-json\/wp\/v2\/comments?post=3247"}],"version-history":[{"count":23,"href":"https:\/\/www.locationencorse.eu\/blog\/wp-json\/wp\/v2\/pages\/3247\/revisions"}],"predecessor-version":[{"id":7334,"href":"https:\/\/www.locationencorse.eu\/blog\/wp-json\/wp\/v2\/pages\/3247\/revisions\/7334"}],"wp:attachment":[{"href":"https:\/\/www.locationencorse.eu\/blog\/wp-json\/wp\/v2\/media?parent=3247"}],"curies":[{"name":"wp","href":"https:\/\/api.w.org\/{rel}","templated":true}]}}