{"id":3081,"date":"2014-03-22T21:11:32","date_gmt":"2014-03-22T20:11:32","guid":{"rendered":"http:\/\/www.locationencorse.eu\/blog\/?page_id=3081"},"modified":"2020-02-24T21:28:27","modified_gmt":"2020-02-24T20:28:27","slug":"corse-les-corses","status":"publish","type":"page","link":"https:\/\/www.locationencorse.eu\/blog\/corse-les-corses\/","title":{"rendered":"La Corse et les Corses"},"content":{"rendered":"<p><span style=\"color: #008000;\"><strong>Une histoire qui change la face du monde<\/strong><\/span>&nbsp;: depuis bien longtemps, des liens forts d\u2019amour et de haine unissent la Corse \u00e0 la France. Ici on f\u00eate ses h\u00e9ros qu\u2019ils soient pro fran\u00e7ais, ou adeptes de l\u2019ind\u00e9pendance comme Pasquale Paoli. Il faut simplement qu\u2019ils se soient battus pour leur \u00eele. Napol\u00e9on, sujet classique de pol\u00e9mique\u2026.ici il n\u2019est pas vu comme un d\u00e9fenseur de l\u2019\u00eele. <span style=\"color: #ff6600;\"><a title=\"Une histoire qui change la face du monde\" href=\"http:\/\/www.locationencorse.eu\/blog\/histoire-change-face-du-monde\/\" target=\"_blank\" rel=\"noopener\"><span style=\"color: #ff6600;\"><strong>Voir la suite<\/strong><\/span><\/a><\/span><\/p>\n<p><strong><span style=\"color: #008000;\">Une nature hors du commun<\/span> <\/strong>: \u00ab \u00cele de beaut\u00e9 \u00bb n\u2019est pas usurp\u00e9e. La corse est une \u00eele m\u00e9diterran\u00e9e b\u00e9ni des dieux, \u00e0 la fois pour son climat et sa g\u00e9ographie. Avec plus de 1000km de littoral et un passage du niveau de la mer \u00e0 2710 m\u00e8tres d\u2019altitude pour retrouver le niveau 0 en \u00e0 peine 80 kilom\u00e8tres de large et 180 de long. Elle promet des reliefs inattendus et une diversit\u00e9 exceptionnelle. Sa v\u00e9g\u00e9tation, ses roches, ses paysages, ses lumi\u00e8res sont autant de raison de l\u2019aimer la Corse et les corses qui ont parfois su par des voies peu licites pr\u00e9server sa beaut\u00e9 si exotique <span style=\"color: #ff6600;\"><a title=\"la corse en photos\" href=\"http:\/\/www.locationencorse.eu\/blog\/nature-du-commun\/\" target=\"_blank\" rel=\"noopener\"><span style=\"color: #ff6600;\"><strong>Voir la suite<\/strong><\/span><\/a><\/span><\/p>\n<p><span style=\"color: #008000;\"><strong>Une langue envers et contre tout<\/strong> <\/span>: Proche de l\u2019italien pour des raisons historiques et g\u00e9ographiques \u00e9videntes, la langue corse est porteuse d\u2019une identit\u00e9 forte. Si elle disparait, le sort du monde n\u2019en serait pas boulevers\u00e9, mais le patrimoine de l\u2019\u00eele en serait irr\u00e9m\u00e9diablement affect\u00e9. Cette petite langue r\u00e9siste avec force et donne au monde la richesse de sa po\u00e9sie et de ses chants.<\/p>\n<p><span style=\"color: #008000;\"><strong>Une culture qui s\u2019exporte<\/strong><\/span> : qu\u2019elle soit totalement inspir\u00e9e des traditions les plus anciennes ou v\u00e9ritablement novatrice, la culture contemporaine de cette \u00eele puise \u00e0 la source de sa m\u00e9moire. Aujourd\u2019hui en Corse, on importe ou on exporte des cr\u00e9ations aux influences multiples qui servent cette \u00eele et la font aimer. <strong><span style=\"color: #ff6600;\"><a title=\"culture corse\" href=\"http:\/\/www.locationencorse.eu\/blog\/culture-sexporte\/\"><span style=\"color: #ff6600;\">Voir la suite<\/span><\/a><\/span><\/strong><\/p>\n<p><strong><span style=\"color: #008000;\">Des traditions hors du temps<\/span><\/strong> : Elle a un petit cot\u00e9 vieillot, la Corse. On la cantonne souvent dans des clich\u00e9s qui semblent dater du XIXe si\u00e8cle, femme en noir, bergers dans les montagnes, musiciens dans tous les villages, maisons de pierres. Tout cela existe bel et bien, c\u2019est la rencontre avec l\u2019authentique. <span style=\"color: #ff6600;\"><strong><a title=\"traditions corse\" href=\"http:\/\/www.locationencorse.eu\/blog\/traditions-du-temps\/\"><span style=\"color: #ff6600;\">Voir la suite<\/span><\/a><\/strong><\/span><\/p>\n<p><span style=\"color: #008000;\"><strong>Le sens de la famille :<\/strong><\/span> qui n\u2019a jamais souri en discutant avec un Corse tentant expliquer ses liens de parent\u00e9 avec un autre corse, cousin \u00e0 la \u2026. Quinzaine g\u00e9n\u00e9ration ? Sans exag\u00e9r\u00e9, la p\u00e9rennit\u00e9 des noms de famille, la pr\u00e9servation des liens avec le village, la m\u00e9moire collective et le gout de la g\u00e9n\u00e9alogie permettent souvent aux Corses d\u2019\u00eatre certains d\u2019une parent\u00e9 pourtant fort lointaine. Et si cela, a tant d\u2019importance, c\u2019est aussi parce qu\u2019appartenir \u00e0 une famille, c\u2019est ne pas \u00eatre seul, et \u00eatre int\u00e9gr\u00e9 \u00e0 un clan. <span style=\"color: #ff6600;\"><strong><a title=\"Les corses ont le sens de la famille\" href=\"http:\/\/www.locationencorse.eu\/blog\/les-corses-sens-famille\/\" target=\"_blank\" rel=\"noopener\"><span style=\"color: #ff6600;\">Voir la suite<\/span><\/a><\/strong><\/span><\/p>\n<p><span style=\"color: #008000;\"><strong>Le village comme centre du monde<\/strong> <\/span>: souvent d\u00e9sert\u00e9s, parfois abandonn\u00e9s, les villages corses contribuent largement au charme de cette \u00eele. Leur caract\u00e8re rustique et simple, leur situation souvent incroyable, \u00e0 flanc de coteau, juch\u00e9s sur des pitons rocheux, l\u2019accumulation de leurs maisons les rendent \u00e0 la fois typiques et attachants. Si le <a href=\"https:\/\/www.locationencorse.eu\/\">tourisme<\/a> d\u00e9laisse de plus en plus le littoral pour l\u2019int\u00e9rieur, c\u2019est aussi pour d\u00e9couvrir l\u2019authenticit\u00e9 offerte par les villages et le lien des Corses et leur terre. <strong><span style=\"color: #ff6600;\">Voir la suite<\/span><\/strong><\/p>\n<p><strong><span style=\"color: #008000;\">Derri\u00e8re le silence, le don<\/span> <\/strong>: Ils sont rarement exub\u00e9rants au premier contact, les Corses. Parfois carr\u00e9ment taciturnes, silencieux, observateurs, ferm\u00e9s dans un mutisme qui leur donne le regard mauvais, ils forgent leur jugement. Une fois cette \u00e9preuve d\u2019endurance pass\u00e9e, si l\u2019examen est r\u00e9ussi, c\u2019est pour la vie. Aussi chaleureux qu\u2019ils sont froids, aussi g\u00e9n\u00e9reux qu\u2019ils ont \u00e9t\u00e9 avares. La plupart des Corse s donnent leur amiti\u00e9 pour toujours. <span style=\"color: #ff6600;\"><strong><a title=\"Derri\u00e8re le silence, le don\" href=\"http:\/\/www.locationencorse.eu\/blog\/derriere-silence-don\/\"><span style=\"color: #ff6600;\">Voir la suite<\/span><\/a><\/strong><\/span><\/p>\n<p><strong><span style=\"color: #008000;\">L\u2019art de cultiver le paradoxe<\/span><\/strong> : La complexit\u00e9 d\u2019une identit\u00e9 forg\u00e9e part l\u2019appartenance \u00e0 une \u00eele. Toutes les autres d\u00e9coulent d\u2019elle. Histoire, tradition, organisation sociale, sens des valeurs, tout est intrins\u00e8quement li\u00e9 \u00e0 la terre. Et lorsque l&rsquo;on comprend qu\u2019\u00eatre corse c\u2019est avant tout avoir , sans le savoir, fait v\u0153u d\u2019all\u00e9geance, de loyaut\u00e9 et d\u2019amour \u00e0 sa terre-m\u00e8re, on est en passe de comprendre le paradoxe corse et d\u2019aimer cette ile comme ses habitants.<\/p>\n<p>&nbsp;<\/p>\n<p>&nbsp;<\/p>\n<!-- AddThis Advanced Settings generic via filter on the_content --><!-- AddThis Share Buttons generic via filter on the_content -->","protected":false},"excerpt":{"rendered":"<p>Une histoire qui change la face du monde&nbsp;: depuis bien longtemps, des liens forts d\u2019amour et de haine unissent la Corse \u00e0 la France. Ici on f\u00eate ses h\u00e9ros qu\u2019ils soient pro fran\u00e7ais, ou adeptes de l\u2019ind\u00e9pendance comme Pasquale Paoli. &hellip; <a href=\"https:\/\/www.locationencorse.eu\/blog\/corse-les-corses\/\">Continuer la lecture <span class=\"meta-nav\">&rarr;<\/span><\/a><!-- AddThis Advanced Settings generic via filter on get_the_excerpt --><!-- AddThis Share Buttons generic via filter on get_the_excerpt --><\/p>\n","protected":false},"author":2,"featured_media":0,"parent":0,"menu_order":0,"comment_status":"open","ping_status":"open","template":"","meta":{"_mi_skip_tracking":false,"_monsterinsights_sitenote_active":false,"_monsterinsights_sitenote_note":"","_monsterinsights_sitenote_category":0,"ngg_post_thumbnail":0,"footnotes":""},"yoast_head":"<!-- This site is optimized with the Yoast SEO plugin v21.1 - https:\/\/yoast.com\/wordpress\/plugins\/seo\/ -->\n<title>La Corse et les Corses - Un culture et une langue forte et belle<\/title>\n<meta name=\"description\" content=\"Toutes les raisons d&#039;aimer les Corses et la Corse, le sens de la famille, la culture, la beaut\u00e9 de l&#039;\u00eele, la langue, l&#039;histoire\" \/>\n<meta name=\"robots\" content=\"index, follow, max-snippet:-1, max-image-preview:large, max-video-preview:-1\" \/>\n<link rel=\"canonical\" href=\"https:\/\/www.locationencorse.eu\/blog\/corse-les-corses\/\" \/>\n<meta property=\"og:locale\" content=\"fr_FR\" \/>\n<meta property=\"og:type\" content=\"article\" \/>\n<meta property=\"og:title\" content=\"La Corse et les Corses - Un culture et une langue forte et belle\" \/>\n<meta property=\"og:description\" content=\"Toutes les raisons d&#039;aimer les Corses et la Corse, le sens de la famille, la culture, la beaut\u00e9 de l&#039;\u00eele, la langue, l&#039;histoire\" \/>\n<meta property=\"og:url\" content=\"https:\/\/www.locationencorse.eu\/blog\/corse-les-corses\/\" \/>\n<meta property=\"og:site_name\" content=\"La Corse\" \/>\n<meta property=\"article:modified_time\" content=\"2020-02-24T20:28:27+00:00\" \/>\n<meta name=\"twitter:label1\" content=\"Dur\u00e9e de lecture estim\u00e9e\" \/>\n\t<meta name=\"twitter:data1\" content=\"4 minutes\" \/>\n<script type=\"application\/ld+json\" class=\"yoast-schema-graph\">{\"@context\":\"https:\/\/schema.org\",\"@graph\":[{\"@type\":\"WebPage\",\"@id\":\"https:\/\/www.locationencorse.eu\/blog\/corse-les-corses\/\",\"url\":\"https:\/\/www.locationencorse.eu\/blog\/corse-les-corses\/\",\"name\":\"La Corse et les Corses - Un culture et une langue forte et belle\",\"isPartOf\":{\"@id\":\"https:\/\/www.locationencorse.eu\/blog\/#website\"},\"datePublished\":\"2014-03-22T20:11:32+00:00\",\"dateModified\":\"2020-02-24T20:28:27+00:00\",\"description\":\"Toutes les raisons d'aimer les Corses et la Corse, le sens de la famille, la culture, la beaut\u00e9 de l'\u00eele, la langue, l'histoire\",\"breadcrumb\":{\"@id\":\"https:\/\/www.locationencorse.eu\/blog\/corse-les-corses\/#breadcrumb\"},\"inLanguage\":\"fr-FR\",\"potentialAction\":[{\"@type\":\"ReadAction\",\"target\":[\"https:\/\/www.locationencorse.eu\/blog\/corse-les-corses\/\"]}]},{\"@type\":\"BreadcrumbList\",\"@id\":\"https:\/\/www.locationencorse.eu\/blog\/corse-les-corses\/#breadcrumb\",\"itemListElement\":[{\"@type\":\"ListItem\",\"position\":1,\"name\":\"Accueil\",\"item\":\"https:\/\/www.locationencorse.eu\/blog\/\"},{\"@type\":\"ListItem\",\"position\":2,\"name\":\"La Corse et les Corses\"}]},{\"@type\":\"WebSite\",\"@id\":\"https:\/\/www.locationencorse.eu\/blog\/#website\",\"url\":\"https:\/\/www.locationencorse.eu\/blog\/\",\"name\":\"La Corse\",\"description\":\"Vacances en Corse sur \u00cele de beaut\u00e9\",\"potentialAction\":[{\"@type\":\"SearchAction\",\"target\":{\"@type\":\"EntryPoint\",\"urlTemplate\":\"https:\/\/www.locationencorse.eu\/blog\/?s={search_term_string}\"},\"query-input\":\"required name=search_term_string\"}],\"inLanguage\":\"fr-FR\"}]}<\/script>\n<!-- \/ Yoast SEO plugin. -->","yoast_head_json":{"title":"La Corse et les Corses - Un culture et une langue forte et belle","description":"Toutes les raisons d'aimer les Corses et la Corse, le sens de la famille, la culture, la beaut\u00e9 de l'\u00eele, la langue, l'histoire","robots":{"index":"index","follow":"follow","max-snippet":"max-snippet:-1","max-image-preview":"max-image-preview:large","max-video-preview":"max-video-preview:-1"},"canonical":"https:\/\/www.locationencorse.eu\/blog\/corse-les-corses\/","og_locale":"fr_FR","og_type":"article","og_title":"La Corse et les Corses - Un culture et une langue forte et belle","og_description":"Toutes les raisons d'aimer les Corses et la Corse, le sens de la famille, la culture, la beaut\u00e9 de l'\u00eele, la langue, l'histoire","og_url":"https:\/\/www.locationencorse.eu\/blog\/corse-les-corses\/","og_site_name":"La Corse","article_modified_time":"2020-02-24T20:28:27+00:00","twitter_misc":{"Dur\u00e9e de lecture estim\u00e9e":"4 minutes"},"schema":{"@context":"https:\/\/schema.org","@graph":[{"@type":"WebPage","@id":"https:\/\/www.locationencorse.eu\/blog\/corse-les-corses\/","url":"https:\/\/www.locationencorse.eu\/blog\/corse-les-corses\/","name":"La Corse et les Corses - Un culture et une langue forte et belle","isPartOf":{"@id":"https:\/\/www.locationencorse.eu\/blog\/#website"},"datePublished":"2014-03-22T20:11:32+00:00","dateModified":"2020-02-24T20:28:27+00:00","description":"Toutes les raisons d'aimer les Corses et la Corse, le sens de la famille, la culture, la beaut\u00e9 de l'\u00eele, la langue, l'histoire","breadcrumb":{"@id":"https:\/\/www.locationencorse.eu\/blog\/corse-les-corses\/#breadcrumb"},"inLanguage":"fr-FR","potentialAction":[{"@type":"ReadAction","target":["https:\/\/www.locationencorse.eu\/blog\/corse-les-corses\/"]}]},{"@type":"BreadcrumbList","@id":"https:\/\/www.locationencorse.eu\/blog\/corse-les-corses\/#breadcrumb","itemListElement":[{"@type":"ListItem","position":1,"name":"Accueil","item":"https:\/\/www.locationencorse.eu\/blog\/"},{"@type":"ListItem","position":2,"name":"La Corse et les Corses"}]},{"@type":"WebSite","@id":"https:\/\/www.locationencorse.eu\/blog\/#website","url":"https:\/\/www.locationencorse.eu\/blog\/","name":"La Corse","description":"Vacances en Corse sur \u00cele de beaut\u00e9","potentialAction":[{"@type":"SearchAction","target":{"@type":"EntryPoint","urlTemplate":"https:\/\/www.locationencorse.eu\/blog\/?s={search_term_string}"},"query-input":"required name=search_term_string"}],"inLanguage":"fr-FR"}]}},"_links":{"self":[{"href":"https:\/\/www.locationencorse.eu\/blog\/wp-json\/wp\/v2\/pages\/3081"}],"collection":[{"href":"https:\/\/www.locationencorse.eu\/blog\/wp-json\/wp\/v2\/pages"}],"about":[{"href":"https:\/\/www.locationencorse.eu\/blog\/wp-json\/wp\/v2\/types\/page"}],"author":[{"embeddable":true,"href":"https:\/\/www.locationencorse.eu\/blog\/wp-json\/wp\/v2\/users\/2"}],"replies":[{"embeddable":true,"href":"https:\/\/www.locationencorse.eu\/blog\/wp-json\/wp\/v2\/comments?post=3081"}],"version-history":[{"count":26,"href":"https:\/\/www.locationencorse.eu\/blog\/wp-json\/wp\/v2\/pages\/3081\/revisions"}],"predecessor-version":[{"id":7338,"href":"https:\/\/www.locationencorse.eu\/blog\/wp-json\/wp\/v2\/pages\/3081\/revisions\/7338"}],"wp:attachment":[{"href":"https:\/\/www.locationencorse.eu\/blog\/wp-json\/wp\/v2\/media?parent=3081"}],"curies":[{"name":"wp","href":"https:\/\/api.w.org\/{rel}","templated":true}]}}