{"id":2355,"date":"2014-03-06T08:14:17","date_gmt":"2014-03-06T07:14:17","guid":{"rendered":"http:\/\/www.locationencorse.eu\/blog\/?page_id=2355"},"modified":"2014-05-17T19:46:40","modified_gmt":"2014-05-17T17:46:40","slug":"le-paradis-naturel-des-sportifs","status":"publish","type":"page","link":"https:\/\/www.locationencorse.eu\/blog\/le-paradis-naturel-des-sportifs\/","title":{"rendered":"Le paradis naturel des sportifs"},"content":{"rendered":"<p style=\"text-align: left;\"><strong><span style=\"color: #ff6600;\">Le paradis naturel des sportifs. <\/span><\/strong><span style=\"color: #ff6600;\"><span style=\"color: #003300;\">Retrouvez nos professionnels qui vous proposeront une <a title=\"activit\u00e9 sportive en corse\" href=\"http:\/\/www.locationencorse.eu\/rec\/?mer_et_plages=1\">activit\u00e9 sportive en corse<\/a> mer et plage. La Corse, toute de contraste et de diversit\u00e9,\u00a0offre ses sites aux amateurs des sports les plus extr\u00eames. en l&rsquo;air ou sur l&rsquo;eau, l&rsquo;\u00eele est le rendez vous de ceux qui cherchent toujours \u00e0 repousser leurs limites.<\/span><\/span><\/p>\n<ul>\n<li>\n<div style=\"text-align: left;\"><a title=\"Activit\u00e9s et d\u00e9couvertes en Corse\" href=\"http:\/\/www.locationencorse.eu\/blog\/activites-et-decouvertes-en-corse\/\">Activit\u00e9s et d\u00e9couvertes en Corse<\/a><\/div>\n<\/li>\n<li><a title=\"La plong\u00e9e sous marine en Corse\" href=\"http:\/\/www.locationencorse.eu\/blog\/la-plongee-en-corse\/\">La plong\u00e9e sous marine en Corse<\/a><\/li>\n<li><a title=\"Le Jet ski en corse\" href=\"http:\/\/www.locationencorse.eu\/blog\/le-jet-ski-ballade-sur-la-mer\/\">Le Jet ski : Ballade sur la mer<\/a><\/li>\n<li><a title=\"La Planche \u00e0 voile en Corse\" href=\"http:\/\/www.locationencorse.eu\/blog\/planche-voile-en-corse\/\">La planche \u00e0 voile en Corse<\/a><\/li>\n<li><a title=\"Kayak de mer en Corse\" href=\"http:\/\/www.locationencorse.eu\/blog\/kayak-mer-en-corse\/\">Kayak de mer en Corse<\/a><\/li>\n<li><a title=\"Kayak en rivi\u00e8re corse\" href=\"http:\/\/www.locationencorse.eu\/blog\/kayak-en-riviere-corse\/\">Kayak en riv\u00e8re<\/a><\/li>\n<li><a title=\"Les  Centres \u00e9questres en corse\" href=\"http:\/\/www.locationencorse.eu\/blog\/les-centres-equestres\/\">Les Centres \u00e9questres<\/a><\/li>\n<li><a title=\"Location bateau Pneumatique\" href=\"http:\/\/www.locationencorse.eu\/blog\/location-bateau-pneumatique\/\">Location bateau pneumatique<\/a><\/li>\n<li><a title=\"Escalade en Corse\" href=\"http:\/\/www.locationencorse.eu\/blog\/escalade-en-corse\/\">Escalade en Corse<\/a><\/li>\n<li><a title=\"Le Canyoning en Corse\" href=\"http:\/\/www.locationencorse.eu\/blog\/canyoning-en-corse\/\">Canyoning en Corse<\/a>\u00a0&#8211; <a title=\"Canyons incontournables en Corse du sud\" href=\"http:\/\/www.locationencorse.eu\/blog\/canyons-incontournables-en-corse-du-sud\/\">Canyons en corse du sud<\/a><\/li>\n<li><a title=\"La Corse en v\u00e9lo\" href=\"http:\/\/www.locationencorse.eu\/blog\/la-corse-en-velo\/\">La Corse en v\u00e9lo<\/a><\/li>\n<li><a title=\"Ski en Corse\" href=\"http:\/\/www.locationencorse.eu\/blog\/ski-en-corse\/\">Ski en Corse<\/a><\/li>\n<li><a title=\"La navigation de plaisance\" href=\"http:\/\/www.locationencorse.eu\/blog\/la-navigation-de-plaisance\/\">La navigation de plaisance<\/a><\/li>\n<li><a title=\"location 4x4 en corse\" href=\"http:\/\/www.locationencorse.eu\/blog\/randonnees-en-4x4\/\">Location 4&#215;4 en corse<\/a><\/li>\n<li><a title=\"location quad en corse\" href=\"http:\/\/www.locationencorse.eu\/blog\/randonnees-en-quad\/\">Location quad en Corse<\/a><\/li>\n<li><a title=\"Capo Di  Feno,  Le paradis du Surf\" href=\"http:\/\/www.locationencorse.eu\/blog\/capo-di-feno-paradis-du-surf\/\">Capo Di\u00a0 Feno,\u00a0 Le paradis du Surf<\/a><\/li>\n<li><a title=\"Le Kitesurf entre air et mer\" href=\"http:\/\/www.locationencorse.eu\/blog\/kitesurf-air-mer\/\">Le Kitesurf entre air et mer<\/a><\/li>\n<li><a title=\"Croisi\u00e8re en Corse: conseils\" href=\"http:\/\/www.locationencorse.eu\/blog\/croisiere-en-corse-conseils\/\">croisi\u00e8re en Corse : conseils<\/a><\/li>\n<li><a title=\"Le parapente en Corse\" href=\"http:\/\/www.locationencorse.eu\/blog\/parapente-en-corse\/\">Le parapente en Corse<\/a><\/li>\n<li><a title=\"Le Golf en Corse\" href=\"http:\/\/www.locationencorse.eu\/blog\/golf-en-corse\/\">Le Golf en Corse<\/a><\/li>\n<\/ul>\n<p><strong><span style=\"color: #ff6600;\">Visiter autrement la Corse<\/span><\/strong><\/p>\n<ul>\n<li><a title=\"Le train Corse : Le Trinichellu\" href=\"http:\/\/www.locationencorse.eu\/blog\/le-train-corse-le-trinichellu\/\">Le petit train<\/a><\/li>\n<li><a title=\"Visiter la Corse en avion\" href=\"http:\/\/www.locationencorse.eu\/blog\/visiter-la-corse-en-avion\/\">Visiter la corse en avion<\/a>\u00a0(bapt\u00eame de l&rsquo;air)<\/li>\n<li><a title=\"Tour de Corse en bateau\" href=\"http:\/\/www.locationencorse.eu\/blog\/tour-de-corse-avec-un-plaisancier\/\" target=\"_blank\">Tour de Corse avec un plaisancier<\/a><\/li>\n<\/ul>\n<p><a title=\"Randonn\u00e9es et balades corses\" href=\"http:\/\/www.locationencorse.eu\/blog\/le-paradis-naturel-des-sportifs\/randonnees-balades-corses\/\" target=\"_blank\">Visiter la Corse en randonn\u00e9es <\/a><\/p>\n<p>&nbsp;<\/p>\n<p>&nbsp;<\/p>\n<p>&nbsp;<\/p>\n<!-- AddThis Advanced Settings generic via filter on the_content --><!-- AddThis Share Buttons generic via filter on the_content -->","protected":false},"excerpt":{"rendered":"<p>Le paradis naturel des sportifs. Retrouvez nos professionnels qui vous proposeront une activit\u00e9 sportive en corse mer et plage. La Corse, toute de contraste et de diversit\u00e9,\u00a0offre ses sites aux amateurs des sports les plus extr\u00eames. en l&rsquo;air ou sur &hellip; <a href=\"https:\/\/www.locationencorse.eu\/blog\/le-paradis-naturel-des-sportifs\/\">Continuer la lecture <span class=\"meta-nav\">&rarr;<\/span><\/a><!-- AddThis Advanced Settings generic via filter on get_the_excerpt --><!-- AddThis Share Buttons generic via filter on get_the_excerpt --><\/p>\n","protected":false},"author":2,"featured_media":0,"parent":0,"menu_order":0,"comment_status":"open","ping_status":"open","template":"","meta":{"_mi_skip_tracking":false,"_monsterinsights_sitenote_active":false,"_monsterinsights_sitenote_note":"","_monsterinsights_sitenote_category":0,"ngg_post_thumbnail":0,"footnotes":""},"yoast_head":"<!-- This site is optimized with the Yoast SEO plugin v21.1 - https:\/\/yoast.com\/wordpress\/plugins\/seo\/ -->\n<title>Le paradis naturel des sportifs - La Corse<\/title>\n<meta name=\"description\" content=\"Le paradis naturel des sportifs en corse. Retrouvez nos professionnels qui vous proposeront une activit\u00e9 sportive en corse mer et plage. Activit\u00e9s et d\u00e9couverte\" \/>\n<meta name=\"robots\" content=\"index, follow, max-snippet:-1, max-image-preview:large, max-video-preview:-1\" \/>\n<link rel=\"canonical\" href=\"https:\/\/www.locationencorse.eu\/blog\/le-paradis-naturel-des-sportifs\/\" \/>\n<meta property=\"og:locale\" content=\"fr_FR\" \/>\n<meta property=\"og:type\" content=\"article\" \/>\n<meta property=\"og:title\" content=\"Le paradis naturel des sportifs - La Corse\" \/>\n<meta property=\"og:description\" content=\"Le paradis naturel des sportifs en corse. Retrouvez nos professionnels qui vous proposeront une activit\u00e9 sportive en corse mer et plage. Activit\u00e9s et d\u00e9couverte\" \/>\n<meta property=\"og:url\" content=\"https:\/\/www.locationencorse.eu\/blog\/le-paradis-naturel-des-sportifs\/\" \/>\n<meta property=\"og:site_name\" content=\"La Corse\" \/>\n<meta property=\"article:modified_time\" content=\"2014-05-17T17:46:40+00:00\" \/>\n<meta name=\"twitter:label1\" content=\"Dur\u00e9e de lecture estim\u00e9e\" \/>\n\t<meta name=\"twitter:data1\" content=\"1 minute\" \/>\n<script type=\"application\/ld+json\" class=\"yoast-schema-graph\">{\"@context\":\"https:\/\/schema.org\",\"@graph\":[{\"@type\":\"WebPage\",\"@id\":\"https:\/\/www.locationencorse.eu\/blog\/le-paradis-naturel-des-sportifs\/\",\"url\":\"https:\/\/www.locationencorse.eu\/blog\/le-paradis-naturel-des-sportifs\/\",\"name\":\"Le paradis naturel des sportifs - La Corse\",\"isPartOf\":{\"@id\":\"https:\/\/www.locationencorse.eu\/blog\/#website\"},\"datePublished\":\"2014-03-06T07:14:17+00:00\",\"dateModified\":\"2014-05-17T17:46:40+00:00\",\"description\":\"Le paradis naturel des sportifs en corse. Retrouvez nos professionnels qui vous proposeront une activit\u00e9 sportive en corse mer et plage. Activit\u00e9s et d\u00e9couverte\",\"breadcrumb\":{\"@id\":\"https:\/\/www.locationencorse.eu\/blog\/le-paradis-naturel-des-sportifs\/#breadcrumb\"},\"inLanguage\":\"fr-FR\",\"potentialAction\":[{\"@type\":\"ReadAction\",\"target\":[\"https:\/\/www.locationencorse.eu\/blog\/le-paradis-naturel-des-sportifs\/\"]}]},{\"@type\":\"BreadcrumbList\",\"@id\":\"https:\/\/www.locationencorse.eu\/blog\/le-paradis-naturel-des-sportifs\/#breadcrumb\",\"itemListElement\":[{\"@type\":\"ListItem\",\"position\":1,\"name\":\"Accueil\",\"item\":\"https:\/\/www.locationencorse.eu\/blog\/\"},{\"@type\":\"ListItem\",\"position\":2,\"name\":\"Le paradis naturel des sportifs\"}]},{\"@type\":\"WebSite\",\"@id\":\"https:\/\/www.locationencorse.eu\/blog\/#website\",\"url\":\"https:\/\/www.locationencorse.eu\/blog\/\",\"name\":\"La Corse\",\"description\":\"Vacances en Corse sur \u00cele de beaut\u00e9\",\"potentialAction\":[{\"@type\":\"SearchAction\",\"target\":{\"@type\":\"EntryPoint\",\"urlTemplate\":\"https:\/\/www.locationencorse.eu\/blog\/?s={search_term_string}\"},\"query-input\":\"required name=search_term_string\"}],\"inLanguage\":\"fr-FR\"}]}<\/script>\n<!-- \/ Yoast SEO plugin. -->","yoast_head_json":{"title":"Le paradis naturel des sportifs - La Corse","description":"Le paradis naturel des sportifs en corse. Retrouvez nos professionnels qui vous proposeront une activit\u00e9 sportive en corse mer et plage. Activit\u00e9s et d\u00e9couverte","robots":{"index":"index","follow":"follow","max-snippet":"max-snippet:-1","max-image-preview":"max-image-preview:large","max-video-preview":"max-video-preview:-1"},"canonical":"https:\/\/www.locationencorse.eu\/blog\/le-paradis-naturel-des-sportifs\/","og_locale":"fr_FR","og_type":"article","og_title":"Le paradis naturel des sportifs - La Corse","og_description":"Le paradis naturel des sportifs en corse. Retrouvez nos professionnels qui vous proposeront une activit\u00e9 sportive en corse mer et plage. Activit\u00e9s et d\u00e9couverte","og_url":"https:\/\/www.locationencorse.eu\/blog\/le-paradis-naturel-des-sportifs\/","og_site_name":"La Corse","article_modified_time":"2014-05-17T17:46:40+00:00","twitter_misc":{"Dur\u00e9e de lecture estim\u00e9e":"1 minute"},"schema":{"@context":"https:\/\/schema.org","@graph":[{"@type":"WebPage","@id":"https:\/\/www.locationencorse.eu\/blog\/le-paradis-naturel-des-sportifs\/","url":"https:\/\/www.locationencorse.eu\/blog\/le-paradis-naturel-des-sportifs\/","name":"Le paradis naturel des sportifs - La Corse","isPartOf":{"@id":"https:\/\/www.locationencorse.eu\/blog\/#website"},"datePublished":"2014-03-06T07:14:17+00:00","dateModified":"2014-05-17T17:46:40+00:00","description":"Le paradis naturel des sportifs en corse. Retrouvez nos professionnels qui vous proposeront une activit\u00e9 sportive en corse mer et plage. Activit\u00e9s et d\u00e9couverte","breadcrumb":{"@id":"https:\/\/www.locationencorse.eu\/blog\/le-paradis-naturel-des-sportifs\/#breadcrumb"},"inLanguage":"fr-FR","potentialAction":[{"@type":"ReadAction","target":["https:\/\/www.locationencorse.eu\/blog\/le-paradis-naturel-des-sportifs\/"]}]},{"@type":"BreadcrumbList","@id":"https:\/\/www.locationencorse.eu\/blog\/le-paradis-naturel-des-sportifs\/#breadcrumb","itemListElement":[{"@type":"ListItem","position":1,"name":"Accueil","item":"https:\/\/www.locationencorse.eu\/blog\/"},{"@type":"ListItem","position":2,"name":"Le paradis naturel des sportifs"}]},{"@type":"WebSite","@id":"https:\/\/www.locationencorse.eu\/blog\/#website","url":"https:\/\/www.locationencorse.eu\/blog\/","name":"La Corse","description":"Vacances en Corse sur \u00cele de beaut\u00e9","potentialAction":[{"@type":"SearchAction","target":{"@type":"EntryPoint","urlTemplate":"https:\/\/www.locationencorse.eu\/blog\/?s={search_term_string}"},"query-input":"required name=search_term_string"}],"inLanguage":"fr-FR"}]}},"_links":{"self":[{"href":"https:\/\/www.locationencorse.eu\/blog\/wp-json\/wp\/v2\/pages\/2355"}],"collection":[{"href":"https:\/\/www.locationencorse.eu\/blog\/wp-json\/wp\/v2\/pages"}],"about":[{"href":"https:\/\/www.locationencorse.eu\/blog\/wp-json\/wp\/v2\/types\/page"}],"author":[{"embeddable":true,"href":"https:\/\/www.locationencorse.eu\/blog\/wp-json\/wp\/v2\/users\/2"}],"replies":[{"embeddable":true,"href":"https:\/\/www.locationencorse.eu\/blog\/wp-json\/wp\/v2\/comments?post=2355"}],"version-history":[{"count":50,"href":"https:\/\/www.locationencorse.eu\/blog\/wp-json\/wp\/v2\/pages\/2355\/revisions"}],"predecessor-version":[{"id":4627,"href":"https:\/\/www.locationencorse.eu\/blog\/wp-json\/wp\/v2\/pages\/2355\/revisions\/4627"}],"wp:attachment":[{"href":"https:\/\/www.locationencorse.eu\/blog\/wp-json\/wp\/v2\/media?parent=2355"}],"curies":[{"name":"wp","href":"https:\/\/api.w.org\/{rel}","templated":true}]}}