{"id":2347,"date":"2014-03-06T07:46:34","date_gmt":"2014-03-06T06:46:34","guid":{"rendered":"http:\/\/www.locationencorse.eu\/blog\/?page_id=2347"},"modified":"2022-01-12T17:37:01","modified_gmt":"2022-01-12T16:37:01","slug":"villes-villages-corse","status":"publish","type":"page","link":"https:\/\/www.locationencorse.eu\/blog\/villes-villages-corse\/","title":{"rendered":"Villes et villages de la Corse"},"content":{"rendered":"<p>La Corse regorge de jolis villages qui ont su garder leur caract\u00e8re. Moins souvent marine de bord de mer que forteresses haut perch\u00e9es, ils t\u00e9moignent d&rsquo;une histoire marqu\u00e9e par le danger. Aux difficult\u00e9s de la vie, aux invasions venues de la mer.<\/p>\n<p><strong>Un lieu de vacances est une terre d\u2019accueil o\u00f9 nous sommes des invit\u00e9s. Voyager, c\u2019est prendre le temps d\u2019\u00e9changer avec ceux qui nous accueillent sur leur sol.<\/strong><\/p>\n<p><span style=\"color: #ff6600;\"><strong>Le Cap Corse: <\/strong><em><span style=\"color: #333300;\">La route D80 qui fait le tour du Cap, sur 110 km, de Bastia \u00e0 Saint-Florent, offre un panorama de corniche. Le Cap Corse, patrimoine naturel sauvage pr\u00e9serv\u00e9, c&rsquo;est donc un haut lieu du tourisme et un endroit incontournable de l\u2019\u00eele \u00e0 visiter.<\/span><\/em><\/span><\/p>\n<ul>\n<li><a title=\"La corse: petite promenade dans le Cap Corse\" href=\"http:\/\/www.locationencorse.eu\/blog\/la-corse-promenade-cap-corse\/\">Petite promenade dans le Cap Corse<\/a>&nbsp;&#8211; <a title=\"Mettez le Cap sur le Cap Corse\" href=\"http:\/\/www.locationencorse.eu\/blog\/mettez-cap-cap-corse\/\">Mettez le Cap sur le Cap Corse<\/a><\/li>\n<li><a title=\"Tollare en corse\" href=\"http:\/\/www.locationencorse.eu\/blog\/tollare\/\">Tollare<\/a>&nbsp;&#8211; <a title=\"village de tollare\" href=\"http:\/\/www.locationencorse.eu\/blog\/tollare-nature-morte\/\">Tollare nature morte<\/a><\/li>\n<li><a title=\"Oletta\" href=\"http:\/\/www.locationencorse.eu\/blog\/oletta\/\">Oletta<\/a>&nbsp;&#8211; <a title=\" lac Padula\" href=\"http:\/\/www.locationencorse.eu\/blog\/oletta-2\/\">Oletta et le lac Padula<\/a>&nbsp;&#8211;<\/li>\n<li><a title=\"Oletta Perle de la Conca D\u2019Oro\" href=\"http:\/\/www.locationencorse.eu\/blog\/oletta-perle-conca-doro\/\">Oletta &nbsp;Perle de la Conca D\u2019Oro<\/a><\/li>\n<li><a title=\"Patrimonio et son vin\" href=\"http:\/\/www.locationencorse.eu\/blog\/patrimonio-vin\/\">Patrimonio et son vin<\/a><\/li>\n<li><a title=\"village de Murato\" href=\"http:\/\/www.locationencorse.eu\/blog\/murato\">Murato<\/a><\/li>\n<li><a title=\"visiter Bastia\" href=\"http:\/\/www.locationencorse.eu\/blog\/la-decouverte-de-bastia\/\">La d\u00e9couverte de Bastia<\/a>&nbsp;&#8211; <a title=\" place st Nicolas a bastia\" href=\"http:\/\/www.locationencorse.eu\/blog\/bastia-et-sa-place-st-nicolas\/\">Bastia et sa place st Nicolas<\/a>&nbsp;&#8211; <a title=\"Bastia, les \u00e9difices baroques\" href=\"http:\/\/www.locationencorse.eu\/blog\/bastia-les-edifices-baroques\/\">Bastia, les \u00e9difices baroques<\/a><\/li>\n<li><a title=\"location furiani\" href=\"http:\/\/www.locationencorse.eu\/blog\/furiani-haute-corse\/\">Furiani<\/a><\/li>\n<li><a title=\"Lucciana : La Canonica\" href=\"http:\/\/www.locationencorse.eu\/blog\/lucciana-la-canonica\/\">Lucciana : La Canonica<\/a><\/li>\n<li><a title=\"Le d\u00e9sert des Agriates\" href=\"http:\/\/www.locationencorse.eu\/blog\/le-desert-des-agriates\/\">Le d\u00e9sert des Agriates<\/a><\/li>\n<li><a title=\"Saint Florent\" href=\"http:\/\/www.locationencorse.eu\/blog\/saint-florent\/\">Saint Florent<\/a><\/li>\n<li><a title=\"Miomo\" href=\"http:\/\/www.locationencorse.eu\/blog\/miomo\/\">Miomo<\/a><\/li>\n<li><a title=\"Erbalunga\" href=\"http:\/\/www.locationencorse.eu\/blog\/erbalunga-la-cerca\/\">Erbalunga : la \u00ab Cerca <\/a>\u00bb &#8211; <a title=\"Erbalunga\" href=\"http:\/\/www.locationencorse.eu\/blog\/erbalunga\/\">Erbalunga<\/a><\/li>\n<li><a title=\"Pino et sa Marine de Scalo\" href=\"http:\/\/www.locationencorse.eu\/blog\/pino-sa-marine-de-scalo\/\">Pino et sa Marine de Scalo<\/a><\/li>\n<li><a title=\"Nonza Cap Corse\" href=\"http:\/\/www.locationencorse.eu\/blog\/nonza-cap-corse\/\">Nonza et sa randonn\u00e9e<\/a><\/li>\n<li><a title=\"Lunghignano en Balagne\" href=\"http:\/\/www.locationencorse.eu\/blog\/lunghignano-en-balagne\/\">Lunghignano<\/a><\/li>\n<\/ul>\n<p><span style=\"color: #ff6600;\"><strong>La Balagne: <\/strong><em><span style=\"color: #003300;\">La Balagne \u00ab\u00a0le jardin de la Corse\u00a0\u00bb est avec les villes de Calvi, Ile-Rousse et Algajola une des r\u00e9gions pr\u00e9f\u00e9r\u00e9es de vacances en Corse. <\/span><\/em><\/span><\/p>\n<ul>\n<li><a title=\"la Balagne\" href=\"http:\/\/www.locationencorse.eu\/blog\/souriante-et-fertile-balagne\/\">Souriante et fertile Balagne<\/a><\/li>\n<li><a title=\"Sant\u2019Antonino : merveille de la Balagne\" href=\"http:\/\/www.locationencorse.eu\/blog\/santantonino-merveille-balagne\/\">Sant\u2019Antonino : merveille de la Balagne<\/a><\/li>\n<li><a title=\"Calvi\" href=\"http:\/\/www.locationencorse.eu\/blog\/calvi-3\/\">Calvi, la capitale de la Balagne<\/a>&nbsp;&#8211; <a title=\"Calvi vu par Mich\u00e8le S\" href=\"http:\/\/www.locationencorse.eu\/blog\/calvi-4\/\">Calvi vu par Mich\u00e8le<\/a>&nbsp;&#8211; <a title=\"Notre Dame de la Serra\" href=\"http:\/\/www.locationencorse.eu\/blog\/notre-dame-serra\/\">Notre Dame de la Serra<\/a>&nbsp;&#8211; <a title=\"La Revellata\" href=\"http:\/\/www.locationencorse.eu\/blog\/revellata\/\">La Revellata<\/a><\/li>\n<li><a title=\"Calenzana\" href=\"http:\/\/www.locationencorse.eu\/blog\/calenzana\/\">Calenzana<\/a><\/li>\n<li><a title=\"Lumio\" href=\"http:\/\/www.locationencorse.eu\/blog\/lumio-occi\/\">Lumio<\/a><\/li>\n<li><a title=\"Lama \" href=\"http:\/\/www.locationencorse.eu\/blog\/lama-les-gardiens-de-lame\/\">Lama les gardiens de l\u2019\u00e2me<\/a><\/li>\n<li><a title=\"\u00cele Rousse\" href=\"http:\/\/www.locationencorse.eu\/blog\/ile-rousse\/\">L\u2019\u00cele Rousse ville attachante<\/a>&nbsp;&#8211; <a title=\"\u00cele Rousse, \u00cele de la Pietra\" href=\"http:\/\/www.locationencorse.eu\/blog\/ile-rousse-ile-pietra\/\" target=\"_blank\" rel=\"noopener\">\u00eele de la Pietra<\/a>&nbsp;&#8211;<a title=\"\u00cele Rousse le S\u00e9maphore\" href=\"http:\/\/www.locationencorse.eu\/blog\/ile-rousse-le-semaphore\/\"> Le S\u00e9maphore<\/a><\/li>\n<li><a title=\"Algajola\" href=\"http:\/\/www.locationencorse.eu\/blog\/algajola\/\">Algajola<\/a>&nbsp;&#8211; <a title=\"Monolithe d\u2019 Algajola\" href=\"http:\/\/www.locationencorse.eu\/blog\/monolithe-d-algajola\/\">Monolithe d&rsquo;Algajola<\/a><\/li>\n<li><a title=\"Monticello, la Balagne\" href=\"http:\/\/www.locationencorse.eu\/blog\/monticello-la-balagne\/\">Monticello <\/a>\u2013 <a title=\"Monticello \u2026suite\" href=\"http:\/\/www.locationencorse.eu\/blog\/monticello-suite\/\">Monticello-suite<\/a><\/li>\n<li><a title=\"Corbara\" href=\"http:\/\/www.locationencorse.eu\/blog\/corbara-le-jardin-sacre-de-la-balagne\/\">Corbara le jardin sacr\u00e9 de la Balagne<\/a>.<\/li>\n<li><a title=\"Cat\u00e9ri\" href=\"http:\/\/www.locationencorse.eu\/blog\/cateri\/\">Cat\u00e9ri<\/a><\/li>\n<li><a title=\"Pigna : Le festival de musique.\" href=\"http:\/\/www.locationencorse.eu\/blog\/pigna-le-festival-de-musique\/\">Pigna : Le festival de musique<\/a><\/li>\n<li><a title=\"Gal\u00e9ria\" href=\"http:\/\/www.locationencorse.eu\/blog\/galeria\/\">Gal\u00e9ria<\/a><\/li>\n<li><a title=\"Ghjunsani ou Guissani\" href=\"http:\/\/www.locationencorse.eu\/blog\/ghjunsani-guissani\/\">Ghjunsani ou Guissani<\/a><\/li>\n<li><a title=\"Olmi-Cappella et Mausol\u00e9o\" href=\"http:\/\/www.locationencorse.eu\/blog\/olmi-cappella-mausoleo\/\">Olmi Cappella et Mausol\u00e9o<\/a><\/li>\n<\/ul>\n<p><span style=\"color: #ff6600;\"><strong>R\u00e9gion Ajaccio: <\/strong><span style=\"color: #003300;\">to<em>utes nos <a title=\"location corse\" href=\"http:\/\/www.locationencorse.eu\" target=\"_blank\" rel=\"noopener\">locations en Corse<\/a>&nbsp;sur le r\u00e9gion ouest corse<\/em><\/span><\/span><\/p>\n<ul>\n<li><a title=\"Le village de Piana\" href=\"http:\/\/www.locationencorse.eu\/blog\/village-piana\/\">Le Village de Piana<\/a>&nbsp;&#8211; <a title=\"Les Calanche de Piana\" href=\"http:\/\/www.locationencorse.eu\/blog\/les-calanche-piana\/\">Les Calanche de Piana<\/a><\/li>\n<li><a title=\"ajaccio\" href=\"http:\/\/www.locationencorse.eu\/blog\/la-ballade-decouverte-dajaccio\/\">La balade d\u00e9couverte d\u2019Ajaccio<\/a>&nbsp;&#8211; <a title=\"ville Ajaccio..\" href=\"http:\/\/www.locationencorse.eu\/blog\/et-si-on-parlait-d-ajaccio\/\">Et si on parlait d\u2019 Ajaccio<\/a>&nbsp;&#8211; <a title=\"Quartier Le Borgo et le mus\u00e9e fesch \u00e0 Ajaccio\" href=\"http:\/\/www.locationencorse.eu\/blog\/quartier-borgo-ajaccio\/\">Le Borgo et son mus\u00e9e Fesch<\/a>&nbsp;&#8211; <a title=\"Ajaccio la vieille ville\" href=\"http:\/\/www.locationencorse.eu\/blog\/ajaccio-vieille-ville\/\">la vieille ville d&rsquo;Ajaccio<\/a>&nbsp;&#8211; <a title=\"Le quartier Diamant \u00e0 Ajaccio\" href=\"http:\/\/www.locationencorse.eu\/blog\/quartier-diamant-ajaccio\/\">le quartier Diamant<\/a>&nbsp;&#8211;<a title=\"Quartier des Etrangers et le Casone\" href=\"http:\/\/www.locationencorse.eu\/blog\/quartier-etrangers-casone\/\">Quartier des Etrangers et le Casone<\/a><\/li>\n<li><a title=\" \u00eeles Sanguinaires\" href=\"http:\/\/www.locationencorse.eu\/blog\/les-iles-sanguinaires\/\">Les \u00eeles Sanguinaires<\/a><\/li>\n<li><a title=\"Location Porticcio\" href=\"http:\/\/www.locationencorse.eu\/blog\/location-porticcio\/\">Porticcio<\/a><\/li>\n<li><a title=\"Isolella\" href=\"http:\/\/www.locationencorse.eu\/blog\/isolella\/\">Isolella<\/a><\/li>\n<li><a title=\"Vico, vrai village corse\" href=\"http:\/\/www.locationencorse.eu\/blog\/vico-vrai-village-corse\/\">Vico vrai village corse<\/a><\/li>\n<li><a title=\"Carg\u00e8se\" href=\"http:\/\/www.locationencorse.eu\/blog\/cargese\/\">Carg\u00e8se la grecque<\/a><\/li>\n<li><a title=\" location Sagone\" href=\"http:\/\/www.locationencorse.eu\/blog\/sagone\/\">Sagone<\/a><\/li>\n<li><a title=\"La Cinarca\" href=\"http:\/\/www.locationencorse.eu\/blog\/cinarca\/\">La Cinarca<\/a><\/li>\n<\/ul>\n<p><span style=\"color: #ff6600;\"><strong>Le Valinco:&nbsp;<\/strong><em><span style=\"color: #003300;\">La r\u00e9gion&nbsp;a une \u00e9conomie tourn\u00e9e vers le tourisme avec une capacit\u00e9 d&rsquo;accueil importante.<\/span><\/em><\/span><\/p>\n<ul>\n<li><a title=\"le Valinco\" href=\"http:\/\/www.locationencorse.eu\/blog\/un-petit-tour-dans-la-region-du-valinco\/\">Un petit tour dans la r\u00e9gion du Valinco<\/a><\/li>\n<li><a title=\"La Porta et son \u00e9glise\" href=\"http:\/\/www.locationencorse.eu\/blog\/porta-eglise\/\">La Porta et son \u00e9glise<\/a><\/li>\n<li><a title=\"Tour de Campomoro : gardienne du golfe du Valinco\" href=\"http:\/\/www.locationencorse.eu\/blog\/tour-campomoro-gardienne-du-golfe-du-valinco\/\">Tour de Campomoro&nbsp;: gardienne du golfe du Valinco<\/a><\/li>\n<li><a title=\"Propriano ville tranquille\" href=\"http:\/\/www.locationencorse.eu\/blog\/propriano-ville-tranquille\/\">Propriano<\/a>&nbsp;et Porto Pollo<\/li>\n<li><a title=\"Filitosa\" href=\"http:\/\/www.locationencorse.eu\/blog\/filitosa\/\">Filitosa<\/a><\/li>\n<li><a title=\"Les sites pr\u00e9historiques du plateau de Cauria\" href=\"http:\/\/www.locationencorse.eu\/blog\/les-sites-prehistoriques-du-plateau-cauria\/\">Les sites pr\u00e9historiques du plateau de Cauria<\/a><\/li>\n<li><a title=\"F\u00eate religieuse du Vendredi Saint \u00e0 Sart\u00e8ne\" href=\"http:\/\/www.locationencorse.eu\/blog\/fete-religieuse-du-vendredi-saint-a-sartene\/\">F\u00eate religieuse du Vendredi Saint \u00e0 Sart\u00e8ne<\/a><\/li>\n<li><a title=\"Sainte Lucie de Tallano\" href=\"http:\/\/www.locationencorse.eu\/blog\/sainte-lucie-tallano\/\">Sainte Lucie de Tallano<\/a><\/li>\n<li><a title=\"Cucuruzzu\" href=\"http:\/\/www.locationencorse.eu\/blog\/cucuruzzu\/\">Cucuruzzu<\/a><\/li>\n<li><a title=\"Fozzano : le berceau de Colomba\" href=\"http:\/\/www.locationencorse.eu\/blog\/fozzano-le-berceau-de-colomba\/\">Fozzano : le berceau de Colomba<\/a><\/li>\n<li><a title=\"Villages corses\" href=\"http:\/\/www.locationencorse.eu\/blog\/villages-corses-corse-profonde\/\">Corse profonde<\/a><\/li>\n<\/ul>\n<p><strong><span style=\"color: #ff6600;\">C\u00f4te Orientale<\/span><\/strong><\/p>\n<ul>\n<li><a title=\"La plaine orientale en Corse\" href=\"http:\/\/www.locationencorse.eu\/blog\/plaine-orientale-en-corse\/\">La plaine orientale<\/a><\/li>\n<li><a title=\"La Costa S\u00e9r\u00e9na- C\u00f4te Orientale\" href=\"http:\/\/www.locationencorse.eu\/blog\/la-costa-serena\/\">La Costa S\u00e9r\u00e9na- C\u00f4te Orientale<\/a><\/li>\n<li><a title=\"Le Fiumorbo\" href=\"http:\/\/www.locationencorse.eu\/blog\/le-fiumorbo\/\">le Fiumorbo<\/a><\/li>\n<li><a title=\"Etang d\u2019Urbino\" href=\"http:\/\/www.locationencorse.eu\/blog\/letang-durbino\/\">Etang d\u2019Urbino<\/a>&nbsp;et les <a title=\"Les Huitres en Corse\" href=\"http:\/\/www.locationencorse.eu\/blog\/les-huitres-en-corse\/\">huitres <\/a><\/li>\n<li><a title=\"Pietrapola I Bagni\" href=\"http:\/\/www.locationencorse.eu\/blog\/pietrapola-i-bagni\/\">Pietrapola I Bagni<\/a><\/li>\n<li><a title=\"Ghisonaccia\" href=\"http:\/\/www.locationencorse.eu\/blog\/ghisonaccia\/\">Ghisonaccia<\/a><\/li>\n<li><a title=\"Al\u00e9ria\" href=\"http:\/\/www.locationencorse.eu\/blog\/aleria\/\">Al\u00e9ria<\/a><\/li>\n<li><a title=\"Vescovato\" href=\"http:\/\/www.locationencorse.eu\/blog\/vescovato\/\">Vescovato<\/a><\/li>\n<\/ul>\n<p><strong><span style=\"color: #ff6600;\">Centre Corse: <\/span><\/strong><em><span style=\"color: #003366;\">Les villages du <a title=\"location centre corse\" href=\"http:\/\/www.locationencorse.eu\/rec\/?region=centre\" target=\"_blank\" rel=\"noopener\">Centre Corse<\/a> sont marqu\u00e9s par une architecture typique bas\u00e9e sur des constructions faites de blocs de granite. Etir\u00e9s le long des routes ou juch\u00e9s sur des promontoires rocheux, tous ont le caract\u00e8re des \u00ab\u00a0pieve\u00a0\u00bb qui les ont fa\u00e7onn\u00e9s. <\/span><\/em><\/p>\n<ul>\n<li><a title=\"Pancheraccia\" href=\"http:\/\/www.locationencorse.eu\/blog\/pancheraccia-un-lourde-en-corse\/\">Pancheraccia<\/a><\/li>\n<li><a title=\"Corte \u00ab le petit Gibraltar \u00bb\" href=\"http:\/\/www.locationencorse.eu\/blog\/corte-petit-gibraltar\/\">Corte le petit Gibraltar<\/a><\/li>\n<li><a title=\"La Castagniccia\" href=\"http:\/\/www.locationencorse.eu\/blog\/la-castagniccia\/\">La Castagniccia<\/a>&nbsp;&#8211; <a title=\"Les couvents de la Castagniccia\" href=\"http:\/\/www.locationencorse.eu\/blog\/les-couvents-de-la-castagniccia\/\">Les couvents de la Castagniccia<\/a><\/li>\n<li><a title=\"Castiglione\" href=\"http:\/\/www.locationencorse.eu\/blog\/castiglione\/\">Castiglione<\/a><\/li>\n<li><a title=\"Evisa Terre d\u2019\u00e9motions\" href=\"http:\/\/www.locationencorse.eu\/blog\/evisa-terre-demotions\/\">Evisa Terre d\u2019\u00e9motions<\/a><\/li>\n<li><a title=\"Les montagnes en Corse\" href=\"http:\/\/www.locationencorse.eu\/blog\/les-montagnes-en-corse\/\">Les montagnes en Corse<\/a><\/li>\n<li><a title=\"Les Lacs en Corse\" href=\"http:\/\/www.locationencorse.eu\/blog\/les-lacs-en-corse\/\">Les Lacs en Corse<\/a><\/li>\n<li><a title=\"Soveria village du centre corse\" href=\"http:\/\/www.locationencorse.eu\/blog\/soveria-village-du-centre-corse\/\">Soveria village du centre corse<\/a><\/li>\n<li><a title=\"Calacuccia et son lac\" href=\"http:\/\/www.locationencorse.eu\/blog\/calacuccia-lac\/\" target=\"_blank\" rel=\"noopener\">Calacuccia et son lac<\/a><\/li>\n<li><a title=\"Vizzavona au c\u0153ur de la Corse\" href=\"http:\/\/www.locationencorse.eu\/blog\/vizzavona-au-coeur-corse\/\">Vizzavona au c\u0153ur de la Corse<\/a>&nbsp;et la <a title=\"La cascade des Anglais, col de Vizzavona\" href=\"http:\/\/www.locationencorse.eu\/blog\/cascade-anglais-col-vizzavona\/\">cascade des Anglais<\/a><\/li>\n<\/ul>\n<p><strong><span style=\"color: #ff6600;\">Sud Corse<\/span><\/strong><\/p>\n<ul>\n<li><a title=\"Mettre le cap sur la Corse du Sud\" href=\"http:\/\/www.locationencorse.eu\/blog\/mettre-le-cap-corse-du-sud\/\">Mettre le cap sur la Corse du Sud<\/a><\/li>\n<li><a title=\"Alta Rocca\" href=\"http:\/\/www.locationencorse.eu\/blog\/alta-rocca\/\">Alta Rocca<\/a><\/li>\n<li><a title=\"Porto-Vecchio corse du sud\" href=\"http:\/\/www.locationencorse.eu\/blog\/porto-vecchio-corse-du-sud\/\">Porto-Vecchio corse du sud<\/a>&nbsp;&#8211; <a title=\"Porto-Vecchio c\u00f4t\u00e9 plages\" href=\"http:\/\/www.locationencorse.eu\/blog\/porto-vecchio-cote-plages\/\">Porto-Vecchio c\u00f4t\u00e9 plages<\/a><\/li>\n<li><a title=\"Les \u00eeles Lavezzi\" href=\"http:\/\/www.locationencorse.eu\/blog\/les-iles-lavezzi\/\">Les \u00eeles Lavezzi<\/a><\/li>\n<li><a title=\"Bonifacio\" href=\"http:\/\/www.locationencorse.eu\/blog\/bonifacio\/\">Bonifacio<\/a><\/li>\n<li><a title=\"location bonifacio\" href=\"http:\/\/www.locationencorse.eu\/blog\/bonifacio-plages-en-falaises\/\">Bonifacio, de plages en falaises<\/a><\/li>\n<li><a title=\"location Corse du Sud\" href=\"http:\/\/www.locationencorse.eu\/blog\/beautes-interieures-corse-du-sud\/\">Beaut\u00e9s int\u00e9rieures de la Corse du Sud<\/a><\/li>\n<li><a href=\"https:\/\/www.hotels-porto.com\/\">Porto Corse du sud<\/a><\/li>\n<\/ul>\n<p>&nbsp;<\/p>\n<!-- AddThis Advanced Settings generic via filter on the_content --><!-- AddThis Share Buttons generic via filter on the_content -->","protected":false},"excerpt":{"rendered":"<p>La Corse regorge de jolis villages qui ont su garder leur caract\u00e8re. Moins souvent marine de bord de mer que forteresses haut perch\u00e9es, ils t\u00e9moignent d&rsquo;une histoire marqu\u00e9e par le danger. Aux difficult\u00e9s de la vie, aux invasions venues de &hellip; <a href=\"https:\/\/www.locationencorse.eu\/blog\/villes-villages-corse\/\">Continuer la lecture <span class=\"meta-nav\">&rarr;<\/span><\/a><!-- AddThis Advanced Settings generic via filter on get_the_excerpt --><!-- AddThis Share Buttons generic via filter on get_the_excerpt --><\/p>\n","protected":false},"author":2,"featured_media":0,"parent":0,"menu_order":0,"comment_status":"open","ping_status":"open","template":"","meta":{"_mi_skip_tracking":false,"_monsterinsights_sitenote_active":false,"_monsterinsights_sitenote_note":"","_monsterinsights_sitenote_category":0,"ngg_post_thumbnail":0,"footnotes":""},"yoast_head":"<!-- This site is optimized with the Yoast SEO plugin v21.1 - https:\/\/yoast.com\/wordpress\/plugins\/seo\/ -->\n<title>Villes et villages de la Corse - La Corse<\/title>\n<meta name=\"description\" content=\"D\u00e9couvrir la Haute Corse et la Corse du sud\" \/>\n<meta name=\"robots\" content=\"index, follow, max-snippet:-1, max-image-preview:large, max-video-preview:-1\" \/>\n<link rel=\"canonical\" href=\"https:\/\/www.locationencorse.eu\/blog\/villes-villages-corse\/\" \/>\n<meta property=\"og:locale\" content=\"fr_FR\" \/>\n<meta property=\"og:type\" content=\"article\" \/>\n<meta property=\"og:title\" content=\"Villes et villages de la Corse - La Corse\" \/>\n<meta property=\"og:description\" content=\"D\u00e9couvrir la Haute Corse et la Corse du sud\" \/>\n<meta property=\"og:url\" content=\"https:\/\/www.locationencorse.eu\/blog\/villes-villages-corse\/\" \/>\n<meta property=\"og:site_name\" content=\"La Corse\" \/>\n<meta property=\"article:modified_time\" content=\"2022-01-12T16:37:01+00:00\" \/>\n<meta name=\"twitter:label1\" content=\"Dur\u00e9e de lecture estim\u00e9e\" \/>\n\t<meta name=\"twitter:data1\" content=\"3 minutes\" \/>\n<script type=\"application\/ld+json\" class=\"yoast-schema-graph\">{\"@context\":\"https:\/\/schema.org\",\"@graph\":[{\"@type\":\"WebPage\",\"@id\":\"https:\/\/www.locationencorse.eu\/blog\/villes-villages-corse\/\",\"url\":\"https:\/\/www.locationencorse.eu\/blog\/villes-villages-corse\/\",\"name\":\"Villes et villages de la Corse - La Corse\",\"isPartOf\":{\"@id\":\"https:\/\/www.locationencorse.eu\/blog\/#website\"},\"datePublished\":\"2014-03-06T06:46:34+00:00\",\"dateModified\":\"2022-01-12T16:37:01+00:00\",\"description\":\"D\u00e9couvrir la Haute Corse et la Corse du sud\",\"breadcrumb\":{\"@id\":\"https:\/\/www.locationencorse.eu\/blog\/villes-villages-corse\/#breadcrumb\"},\"inLanguage\":\"fr-FR\",\"potentialAction\":[{\"@type\":\"ReadAction\",\"target\":[\"https:\/\/www.locationencorse.eu\/blog\/villes-villages-corse\/\"]}]},{\"@type\":\"BreadcrumbList\",\"@id\":\"https:\/\/www.locationencorse.eu\/blog\/villes-villages-corse\/#breadcrumb\",\"itemListElement\":[{\"@type\":\"ListItem\",\"position\":1,\"name\":\"Accueil\",\"item\":\"https:\/\/www.locationencorse.eu\/blog\/\"},{\"@type\":\"ListItem\",\"position\":2,\"name\":\"Villes et villages de la Corse\"}]},{\"@type\":\"WebSite\",\"@id\":\"https:\/\/www.locationencorse.eu\/blog\/#website\",\"url\":\"https:\/\/www.locationencorse.eu\/blog\/\",\"name\":\"La Corse\",\"description\":\"Vacances en Corse sur \u00cele de beaut\u00e9\",\"potentialAction\":[{\"@type\":\"SearchAction\",\"target\":{\"@type\":\"EntryPoint\",\"urlTemplate\":\"https:\/\/www.locationencorse.eu\/blog\/?s={search_term_string}\"},\"query-input\":\"required name=search_term_string\"}],\"inLanguage\":\"fr-FR\"}]}<\/script>\n<!-- \/ Yoast SEO plugin. -->","yoast_head_json":{"title":"Villes et villages de la Corse - La Corse","description":"D\u00e9couvrir la Haute Corse et la Corse du sud","robots":{"index":"index","follow":"follow","max-snippet":"max-snippet:-1","max-image-preview":"max-image-preview:large","max-video-preview":"max-video-preview:-1"},"canonical":"https:\/\/www.locationencorse.eu\/blog\/villes-villages-corse\/","og_locale":"fr_FR","og_type":"article","og_title":"Villes et villages de la Corse - La Corse","og_description":"D\u00e9couvrir la Haute Corse et la Corse du sud","og_url":"https:\/\/www.locationencorse.eu\/blog\/villes-villages-corse\/","og_site_name":"La Corse","article_modified_time":"2022-01-12T16:37:01+00:00","twitter_misc":{"Dur\u00e9e de lecture estim\u00e9e":"3 minutes"},"schema":{"@context":"https:\/\/schema.org","@graph":[{"@type":"WebPage","@id":"https:\/\/www.locationencorse.eu\/blog\/villes-villages-corse\/","url":"https:\/\/www.locationencorse.eu\/blog\/villes-villages-corse\/","name":"Villes et villages de la Corse - La Corse","isPartOf":{"@id":"https:\/\/www.locationencorse.eu\/blog\/#website"},"datePublished":"2014-03-06T06:46:34+00:00","dateModified":"2022-01-12T16:37:01+00:00","description":"D\u00e9couvrir la Haute Corse et la Corse du sud","breadcrumb":{"@id":"https:\/\/www.locationencorse.eu\/blog\/villes-villages-corse\/#breadcrumb"},"inLanguage":"fr-FR","potentialAction":[{"@type":"ReadAction","target":["https:\/\/www.locationencorse.eu\/blog\/villes-villages-corse\/"]}]},{"@type":"BreadcrumbList","@id":"https:\/\/www.locationencorse.eu\/blog\/villes-villages-corse\/#breadcrumb","itemListElement":[{"@type":"ListItem","position":1,"name":"Accueil","item":"https:\/\/www.locationencorse.eu\/blog\/"},{"@type":"ListItem","position":2,"name":"Villes et villages de la Corse"}]},{"@type":"WebSite","@id":"https:\/\/www.locationencorse.eu\/blog\/#website","url":"https:\/\/www.locationencorse.eu\/blog\/","name":"La Corse","description":"Vacances en Corse sur \u00cele de beaut\u00e9","potentialAction":[{"@type":"SearchAction","target":{"@type":"EntryPoint","urlTemplate":"https:\/\/www.locationencorse.eu\/blog\/?s={search_term_string}"},"query-input":"required name=search_term_string"}],"inLanguage":"fr-FR"}]}},"_links":{"self":[{"href":"https:\/\/www.locationencorse.eu\/blog\/wp-json\/wp\/v2\/pages\/2347"}],"collection":[{"href":"https:\/\/www.locationencorse.eu\/blog\/wp-json\/wp\/v2\/pages"}],"about":[{"href":"https:\/\/www.locationencorse.eu\/blog\/wp-json\/wp\/v2\/types\/page"}],"author":[{"embeddable":true,"href":"https:\/\/www.locationencorse.eu\/blog\/wp-json\/wp\/v2\/users\/2"}],"replies":[{"embeddable":true,"href":"https:\/\/www.locationencorse.eu\/blog\/wp-json\/wp\/v2\/comments?post=2347"}],"version-history":[{"count":101,"href":"https:\/\/www.locationencorse.eu\/blog\/wp-json\/wp\/v2\/pages\/2347\/revisions"}],"predecessor-version":[{"id":7979,"href":"https:\/\/www.locationencorse.eu\/blog\/wp-json\/wp\/v2\/pages\/2347\/revisions\/7979"}],"wp:attachment":[{"href":"https:\/\/www.locationencorse.eu\/blog\/wp-json\/wp\/v2\/media?parent=2347"}],"curies":[{"name":"wp","href":"https:\/\/api.w.org\/{rel}","templated":true}]}}