{"id":2007,"date":"2014-02-27T07:22:33","date_gmt":"2014-02-27T06:22:33","guid":{"rendered":"http:\/\/www.locationencorse.eu\/blog\/?page_id=2007"},"modified":"2017-03-07T19:24:26","modified_gmt":"2017-03-07T18:24:26","slug":"une-cuisine-parfumee","status":"publish","type":"page","link":"https:\/\/www.locationencorse.eu\/blog\/une-cuisine-parfumee\/","title":{"rendered":"Une cuisine parfum\u00e9e"},"content":{"rendered":"<h3><strong><span style=\"color: rgb(255, 102, 0); font-family: Calibri; font-size: medium;\">Une cuisine parfum\u00e9e: <\/span><\/strong><\/h3>\n<p><span style=\"color: rgb(0, 0, 0); font-family: Calibri; font-size: medium;\">Pour ne pas manger comme un \u00ab&nbsp;Pinzuto&nbsp;\u00bb (terme p\u00e9joratif d\u00e9signant les continentaux), mais au contraire honorer la table corse voil\u00e0 quelques suggestions&nbsp;:<\/span><\/p>\n<p><span style=\"color: rgb(0, 0, 0); font-family: Calibri; font-size: medium;\">En r\u00e8gle g\u00e9n\u00e9rale ce sont les herbes du maquis qui font la diff\u00e9rence dans la marmite, avec en vedette la marjolaine et la menthe poivr\u00e9e.<\/span><\/p>\n<p><span style=\"color: rgb(0, 0, 0); font-family: Calibri; font-size: medium;\">Ne pas commander de l\u2019eau capsul\u00e9e du continent, pr\u00e9f\u00e9rez les eaux corses (la saint George, eaux d\u2019Orezza..). toutes nos <a title=\"Les boissons en Corse\" href=\"http:\/\/www.locationencorse.eu\/blog\/les-boissons-en-corse\/\">boissons corses<\/a>.<\/span><\/p>\n<p><span style=\"color: rgb(0, 0, 0); font-family: Calibri; font-size: medium;\">La <strong>charcuterie<\/strong> tire sa saveur du fait que les cochons vivent en libert\u00e9 avec les sangliers et se nourrissent \u00e0 partir de glands&nbsp;: Coppa, figatelli, lonzo..&nbsp; Tout est parfum\u00e9 et fum\u00e9.<\/span><\/p>\n<p><span style=\"color: rgb(0, 0, 0); font-family: Calibri; font-size: medium;\">Le roi des fromages est le <a title=\"Fromages corses\" href=\"http:\/\/www.locationencorse.eu\/blog\/fromages-corses\/\">Brocciu<\/a>, c\u2019est l\u2019\u00e9l\u00e9ment de base de la p\u00e2tisserie avec la <a title=\"Le ch\u00e2taigner et la ch\u00e2taigne en Corse\" href=\"http:\/\/www.locationencorse.eu\/blog\/chataigner-chataigne-en-corse\/\">farine de ch\u00e2taigne<\/a>. Et les fameux <a title=\"fromage\" href=\"http:\/\/www.locationencorse.eu\/blog\/fromages-corses\/\" target=\"_blank\">fromages corses<\/a>. En Balagne du <a title=\"Sur la route des vins en Balagne\" href=\"http:\/\/www.locationencorse.eu\/blog\/route-vins-en-balagne\/\" target=\"_blank\">vin Aoc.<\/a><\/span><\/p>\n<h3><strong><span style=\"color: rgb(255, 102, 0);\">Nos recettes:<\/span><\/strong><\/h3>\n<ul>\n<li><a title=\"Terrine de figatelli\" href=\"http:\/\/www.locationencorse.eu\/blog\/terrine-de-figatelli\/\">Terrine de figatelli<\/a><\/li>\n<li><a title=\"Terrine de sanglier\" href=\"http:\/\/www.locationencorse.eu\/blog\/terrine-de-sanglier\/\">Terrine de sanglier<\/a><\/li>\n<li><a title=\"La soupe Corse\" href=\"http:\/\/www.locationencorse.eu\/blog\/la-soupe-corse\/\">La soupe Corse<\/a>&nbsp;&#8211; <a title=\"La Soupe de montagne Corse\" href=\"http:\/\/www.locationencorse.eu\/blog\/la-soupe-de-montagne-corse\/\">la soupe corse de Murato<\/a><\/li>\n<li><a title=\"Bastelle\" href=\"http:\/\/www.locationencorse.eu\/blog\/bastelle\/\">Bastelle<\/a><\/li>\n<li><a title=\"La boutargue\" href=\"http:\/\/www.locationencorse.eu\/blog\/la-boutargue-le-caviar-des-bastiais\/\">La boutargue : le caviar des Bastiais<\/a><\/li>\n<li><a title=\"Cannelloni au Brocciu\" href=\"http:\/\/www.locationencorse.eu\/blog\/cannelloni-au-brocciu\/\">Cannelloni au Brocciu<\/a><\/li>\n<li><a title=\"recette corse\" href=\"http:\/\/www.locationencorse.eu\/blog\/storzapreti-specialite-bastiaise\/\">Storzapreti, sp\u00e9cialit\u00e9 bastiaise<\/a><\/li>\n<li><a title=\"Beignets de fleurs de courgette\" href=\"http:\/\/www.locationencorse.eu\/blog\/beignets-de-fleurs-de-courgette\/\">Beignets de fleurs de courgette<\/a><\/li>\n<li><a title=\"Aubergines farcies\" href=\"http:\/\/www.locationencorse.eu\/blog\/aubergine-farcies\/\">Aubergines Farcies<\/a><\/li>\n<li><a title=\"Saut\u00e9 de veau corse \u00e0 l\u2019orange\" href=\"http:\/\/www.locationencorse.eu\/blog\/saute-de-veau-corse-a-lorange\/\">Saut\u00e9 de veau corse \u00e0 l\u2019orange<\/a><\/li>\n<li><a title=\"C\u00f4te de veau corse \u00e0 la pancetta\" href=\"http:\/\/www.locationencorse.eu\/blog\/cote-de-veau-corse-a-la-pancetta\/\">C\u00f4te de veau corse \u00e0 la pancetta<\/a><\/li>\n<li><a title=\"recette corse\" href=\"http:\/\/www.locationencorse.eu\/blog\/poulet-farci-au-brocciu\/\">Poulet farci au brocciu<\/a><\/li>\n<li><a title=\"Charcuterie corse\" href=\"http:\/\/www.locationencorse.eu\/blog\/la-charcuterie-corse\/\">Charcuterie corse<\/a><\/li>\n<li><a title=\"ragout de soissons\" href=\"http:\/\/www.locationencorse.eu\/blog\/labattage-du-cochon-en-corse\/\">Ragout de soissons au porc<\/a><\/li>\n<li><a title=\"recette corse\" href=\"http:\/\/www.locationencorse.eu\/blog\/rivia\/\">Rivia<\/a><\/li>\n<li><a title=\"Veau aux olives vertes\" href=\"http:\/\/www.locationencorse.eu\/blog\/veau\/\">Veau aux olives vertes<\/a><\/li>\n<li><a title=\"Filet de sole au muscat corse\" href=\"http:\/\/www.locationencorse.eu\/blog\/filet-de-sole-au-muscat-corse\/\">Filet de sole au muscat corse<\/a><\/li>\n<li><a title=\"Cacavellu : Brioche corse\" href=\"http:\/\/www.locationencorse.eu\/blog\/cacavellu-brioche-corse\/\">Cacavellu : Brioche corse<\/a><\/li>\n<li><a title=\"Fromages corses\" href=\"http:\/\/www.locationencorse.eu\/blog\/fromages-corses\/\">Fromages corses<\/a><\/li>\n<li><a title=\"Tiramisu \u00e0 la ch\u00e2taigne corse\" href=\"http:\/\/www.locationencorse.eu\/blog\/tiramisu-a-la-chataigne-corse\/\">Tiramisu \u00e0 la ch\u00e2taigne corse<\/a><\/li>\n<li><a title=\"I Migliacci\" href=\"http:\/\/www.locationencorse.eu\/blog\/i-migliacci\/\">I Migliacci<\/a><\/li>\n<li><a title=\"G\u00e2teau yaourt \u00e0 la ch\u00e2taigne \u00e0 ma fa\u00e7on\" href=\"http:\/\/www.locationencorse.eu\/blog\/gateau-yaourt-a-la-chataigne-a-ma-facon\/\">G\u00e2teau yaourt \u00e0 la ch\u00e2taigne \u00e0 ma fa\u00e7on<\/a><\/li>\n<li><a title=\"Brocciu : Desserts\" href=\"http:\/\/www.locationencorse.eu\/blog\/brocciu-desserts\/\">Desserts au brocciu<\/a><\/li>\n<li><a title=\"Flan \u00e0 la ch\u00e2taigne\" href=\"http:\/\/www.locationencorse.eu\/blog\/flan-a-la-chataigne-3\/\">Flan \u00e0 la ch\u00e2taigne<\/a><\/li>\n<li><a title=\"Recettes anciennes corses\" href=\"http:\/\/www.locationencorse.eu\/blog\/recettes-anciennes-corses\/\">Recettes anciennes corses<\/a><\/li>\n<li><a title=\"E frappe\" href=\"http:\/\/www.locationencorse.eu\/blog\/e-frappe\/\">E frappe<\/a><\/li>\n<li><a title=\"Le Soveria\" href=\"http:\/\/www.locationencorse.eu\/blog\/soveria\/\">Le Soveria<\/a><\/li>\n<li><a title=\"Finucchietti \u00e0 l\u2019Ajaccienne\" href=\"http:\/\/www.locationencorse.eu\/blog\/finucchietti-lajaccienne\/\">Finucchietti \u00e0 l\u2019Ajaccienne<\/a><\/li>\n<li><a title=\"Un g\u00e2teau corse sans gluten et sans lactose\" href=\"http:\/\/www.locationencorse.eu\/blog\/un-gateau-corse-sans-gluten-et-sans-lactose\/\">G\u00e2teau corse sans gluten et sans lactose<\/a><\/li>\n<li><a href=\"http:\/\/www.locationencorse.eu\/blog\/gelee-d-arbouses\/\">Gel\u00e9e d&rsquo;arbouses<\/a><\/li>\n<\/ul>\n<p>&nbsp;<\/p>\n<p>&nbsp;<\/p>\n<p>C\u2019est aussi contribuer au d\u00e9veloppement \u00e9conomique de la Corse en choisissant de consommer les produits r\u00e9gionaux<\/p>\n<p><span style=\"color: rgb(0, 0, 0); font-family: Calibri; font-size: medium;\">&nbsp;<\/span><\/p>\n<!-- AddThis Advanced Settings generic via filter on the_content --><!-- AddThis Share Buttons generic via filter on the_content -->","protected":false},"excerpt":{"rendered":"<p>Une cuisine parfum\u00e9e: Pour ne pas manger comme un \u00ab&nbsp;Pinzuto&nbsp;\u00bb (terme p\u00e9joratif d\u00e9signant les continentaux), mais au contraire honorer la table corse voil\u00e0 quelques suggestions&nbsp;: En r\u00e8gle g\u00e9n\u00e9rale ce sont les herbes du maquis qui font la diff\u00e9rence dans la &hellip; <a href=\"https:\/\/www.locationencorse.eu\/blog\/une-cuisine-parfumee\/\">Continuer la lecture <span class=\"meta-nav\">&rarr;<\/span><\/a><!-- AddThis Advanced Settings generic via filter on get_the_excerpt --><!-- AddThis Share Buttons generic via filter on get_the_excerpt --><\/p>\n","protected":false},"author":2,"featured_media":0,"parent":0,"menu_order":0,"comment_status":"closed","ping_status":"open","template":"","meta":{"_mi_skip_tracking":false,"_monsterinsights_sitenote_active":false,"_monsterinsights_sitenote_note":"","_monsterinsights_sitenote_category":0,"ngg_post_thumbnail":0,"footnotes":""},"yoast_head":"<!-- This site is optimized with the Yoast SEO plugin v21.1 - https:\/\/yoast.com\/wordpress\/plugins\/seo\/ -->\n<title>Une cuisine parfum\u00e9e - La Corse<\/title>\n<meta name=\"robots\" content=\"index, follow, max-snippet:-1, max-image-preview:large, max-video-preview:-1\" \/>\n<link rel=\"canonical\" href=\"https:\/\/www.locationencorse.eu\/blog\/une-cuisine-parfumee\/\" \/>\n<meta property=\"og:locale\" content=\"fr_FR\" \/>\n<meta property=\"og:type\" content=\"article\" \/>\n<meta property=\"og:title\" content=\"Une cuisine parfum\u00e9e - La Corse\" \/>\n<meta property=\"og:description\" content=\"Une cuisine parfum\u00e9e: Pour ne pas manger comme un \u00ab&nbsp;Pinzuto&nbsp;\u00bb (terme p\u00e9joratif d\u00e9signant les continentaux), mais au contraire honorer la table corse voil\u00e0 quelques suggestions&nbsp;: En r\u00e8gle g\u00e9n\u00e9rale ce sont les herbes du maquis qui font la diff\u00e9rence dans la &hellip; Continuer la lecture &rarr;\" \/>\n<meta property=\"og:url\" content=\"https:\/\/www.locationencorse.eu\/blog\/une-cuisine-parfumee\/\" \/>\n<meta property=\"og:site_name\" content=\"La Corse\" \/>\n<meta property=\"article:modified_time\" content=\"2017-03-07T18:24:26+00:00\" \/>\n<meta name=\"twitter:label1\" content=\"Dur\u00e9e de lecture estim\u00e9e\" \/>\n\t<meta name=\"twitter:data1\" content=\"1 minute\" \/>\n<script type=\"application\/ld+json\" class=\"yoast-schema-graph\">{\"@context\":\"https:\/\/schema.org\",\"@graph\":[{\"@type\":\"WebPage\",\"@id\":\"https:\/\/www.locationencorse.eu\/blog\/une-cuisine-parfumee\/\",\"url\":\"https:\/\/www.locationencorse.eu\/blog\/une-cuisine-parfumee\/\",\"name\":\"Une cuisine parfum\u00e9e - La Corse\",\"isPartOf\":{\"@id\":\"https:\/\/www.locationencorse.eu\/blog\/#website\"},\"datePublished\":\"2014-02-27T06:22:33+00:00\",\"dateModified\":\"2017-03-07T18:24:26+00:00\",\"breadcrumb\":{\"@id\":\"https:\/\/www.locationencorse.eu\/blog\/une-cuisine-parfumee\/#breadcrumb\"},\"inLanguage\":\"fr-FR\",\"potentialAction\":[{\"@type\":\"ReadAction\",\"target\":[\"https:\/\/www.locationencorse.eu\/blog\/une-cuisine-parfumee\/\"]}]},{\"@type\":\"BreadcrumbList\",\"@id\":\"https:\/\/www.locationencorse.eu\/blog\/une-cuisine-parfumee\/#breadcrumb\",\"itemListElement\":[{\"@type\":\"ListItem\",\"position\":1,\"name\":\"Accueil\",\"item\":\"https:\/\/www.locationencorse.eu\/blog\/\"},{\"@type\":\"ListItem\",\"position\":2,\"name\":\"Une cuisine parfum\u00e9e\"}]},{\"@type\":\"WebSite\",\"@id\":\"https:\/\/www.locationencorse.eu\/blog\/#website\",\"url\":\"https:\/\/www.locationencorse.eu\/blog\/\",\"name\":\"La Corse\",\"description\":\"Vacances en Corse sur \u00cele de beaut\u00e9\",\"potentialAction\":[{\"@type\":\"SearchAction\",\"target\":{\"@type\":\"EntryPoint\",\"urlTemplate\":\"https:\/\/www.locationencorse.eu\/blog\/?s={search_term_string}\"},\"query-input\":\"required name=search_term_string\"}],\"inLanguage\":\"fr-FR\"}]}<\/script>\n<!-- \/ Yoast SEO plugin. -->","yoast_head_json":{"title":"Une cuisine parfum\u00e9e - La Corse","robots":{"index":"index","follow":"follow","max-snippet":"max-snippet:-1","max-image-preview":"max-image-preview:large","max-video-preview":"max-video-preview:-1"},"canonical":"https:\/\/www.locationencorse.eu\/blog\/une-cuisine-parfumee\/","og_locale":"fr_FR","og_type":"article","og_title":"Une cuisine parfum\u00e9e - La Corse","og_description":"Une cuisine parfum\u00e9e: Pour ne pas manger comme un \u00ab&nbsp;Pinzuto&nbsp;\u00bb (terme p\u00e9joratif d\u00e9signant les continentaux), mais au contraire honorer la table corse voil\u00e0 quelques suggestions&nbsp;: En r\u00e8gle g\u00e9n\u00e9rale ce sont les herbes du maquis qui font la diff\u00e9rence dans la &hellip; Continuer la lecture &rarr;","og_url":"https:\/\/www.locationencorse.eu\/blog\/une-cuisine-parfumee\/","og_site_name":"La Corse","article_modified_time":"2017-03-07T18:24:26+00:00","twitter_misc":{"Dur\u00e9e de lecture estim\u00e9e":"1 minute"},"schema":{"@context":"https:\/\/schema.org","@graph":[{"@type":"WebPage","@id":"https:\/\/www.locationencorse.eu\/blog\/une-cuisine-parfumee\/","url":"https:\/\/www.locationencorse.eu\/blog\/une-cuisine-parfumee\/","name":"Une cuisine parfum\u00e9e - La Corse","isPartOf":{"@id":"https:\/\/www.locationencorse.eu\/blog\/#website"},"datePublished":"2014-02-27T06:22:33+00:00","dateModified":"2017-03-07T18:24:26+00:00","breadcrumb":{"@id":"https:\/\/www.locationencorse.eu\/blog\/une-cuisine-parfumee\/#breadcrumb"},"inLanguage":"fr-FR","potentialAction":[{"@type":"ReadAction","target":["https:\/\/www.locationencorse.eu\/blog\/une-cuisine-parfumee\/"]}]},{"@type":"BreadcrumbList","@id":"https:\/\/www.locationencorse.eu\/blog\/une-cuisine-parfumee\/#breadcrumb","itemListElement":[{"@type":"ListItem","position":1,"name":"Accueil","item":"https:\/\/www.locationencorse.eu\/blog\/"},{"@type":"ListItem","position":2,"name":"Une cuisine parfum\u00e9e"}]},{"@type":"WebSite","@id":"https:\/\/www.locationencorse.eu\/blog\/#website","url":"https:\/\/www.locationencorse.eu\/blog\/","name":"La Corse","description":"Vacances en Corse sur \u00cele de beaut\u00e9","potentialAction":[{"@type":"SearchAction","target":{"@type":"EntryPoint","urlTemplate":"https:\/\/www.locationencorse.eu\/blog\/?s={search_term_string}"},"query-input":"required name=search_term_string"}],"inLanguage":"fr-FR"}]}},"_links":{"self":[{"href":"https:\/\/www.locationencorse.eu\/blog\/wp-json\/wp\/v2\/pages\/2007"}],"collection":[{"href":"https:\/\/www.locationencorse.eu\/blog\/wp-json\/wp\/v2\/pages"}],"about":[{"href":"https:\/\/www.locationencorse.eu\/blog\/wp-json\/wp\/v2\/types\/page"}],"author":[{"embeddable":true,"href":"https:\/\/www.locationencorse.eu\/blog\/wp-json\/wp\/v2\/users\/2"}],"replies":[{"embeddable":true,"href":"https:\/\/www.locationencorse.eu\/blog\/wp-json\/wp\/v2\/comments?post=2007"}],"version-history":[{"count":28,"href":"https:\/\/www.locationencorse.eu\/blog\/wp-json\/wp\/v2\/pages\/2007\/revisions"}],"predecessor-version":[{"id":7152,"href":"https:\/\/www.locationencorse.eu\/blog\/wp-json\/wp\/v2\/pages\/2007\/revisions\/7152"}],"wp:attachment":[{"href":"https:\/\/www.locationencorse.eu\/blog\/wp-json\/wp\/v2\/media?parent=2007"}],"curies":[{"name":"wp","href":"https:\/\/api.w.org\/{rel}","templated":true}]}}